{"id":18574,"date":"2021-04-30T12:21:12","date_gmt":"2021-04-30T16:21:12","guid":{"rendered":"https:\/\/elsurti.com\/?page_id=18574"},"modified":"2021-05-18T11:01:25","modified_gmt":"2021-05-18T15:01:25","slug":"desterrados","status":"publish","type":"page","link":"https:\/\/elsurti.com\/pt\/desterrados\/","title":{"rendered":"Los desterrados del Chaco"},"content":{"rendered":"<div data-elementor-type=\"wp-page\" data-elementor-id=\"18574\" class=\"elementor elementor-18574\" data-elementor-post-type=\"page\">\n\t\t\t\t\t\t<section data-particle_enable=\"false\" data-particle-mobile-disabled=\"false\" class=\"elementor-section elementor-top-section elementor-element elementor-element-dc1996e elementor-section-boxed elementor-section-height-default elementor-section-height-default\" data-id=\"dc1996e\" data-element_type=\"section\">\n\t\t\t\t\t\t<div class=\"elementor-container elementor-column-gap-default\">\n\t\t\t\t\t<div class=\"elementor-column elementor-col-100 elementor-top-column elementor-element elementor-element-bb46831\" data-id=\"bb46831\" data-element_type=\"column\">\n\t\t\t<div class=\"elementor-widget-wrap elementor-element-populated\">\n\t\t\t\t\t\t<div class=\"elementor-element elementor-element-3bcb08b elementor-align-center elementor-mobile-align-center elementor-widget elementor-widget-button\" data-id=\"3bcb08b\" data-element_type=\"widget\" data-widget_type=\"button.default\">\n\t\t\t\t<div class=\"elementor-widget-container\">\n\t\t\t\t\t\t\t<div class=\"elementor-button-wrapper\">\n\t\t\t\t\t<a class=\"elementor-button elementor-button-link elementor-size-xs\" href=\"https:\/\/elsurti.com\/pt\/futuros\/\">\n\t\t\t\t\t\t<span class=\"elementor-button-content-wrapper\">\n\t\t\t\t\t\t\t\t\t<span class=\"elementor-button-text\">Futuros<\/span>\n\t\t\t\t\t<\/span>\n\t\t\t\t\t<\/a>\n\t\t\t\t<\/div>\n\t\t\t\t\t\t<\/div>\n\t\t\t\t<\/div>\n\t\t\t\t<div class=\"elementor-element elementor-element-f98b02f elementor-widget elementor-widget-heading\" data-id=\"f98b02f\" data-element_type=\"widget\" data-widget_type=\"heading.default\">\n\t\t\t\t<div class=\"elementor-widget-container\">\n\t\t\t<h2 class=\"elementor-heading-title elementor-size-default\">Los desterrados del Chaco<\/h2>\t\t<\/div>\n\t\t\t\t<\/div>\n\t\t\t\t<div class=\"elementor-element elementor-element-0371b98 elementor-widget elementor-widget-text-editor\" data-id=\"0371b98\" data-element_type=\"widget\" data-widget_type=\"text-editor.default\">\n\t\t\t\t<div class=\"elementor-widget-container\">\n\t\t\t\t\t\t\t<p>Una serie sobre el lugar con la deforestaci\u00f3n m\u00e1s acelerada del mundo.<\/p>\t\t\t\t\t\t<\/div>\n\t\t\t\t<\/div>\n\t\t\t\t<div class=\"elementor-element elementor-element-3c63a98 elementor-widget elementor-widget-text-editor\" data-id=\"3c63a98\" data-element_type=\"widget\" data-widget_type=\"text-editor.default\">\n\t\t\t\t<div class=\"elementor-widget-container\">\n\t\t\t\t\t\t\t<p style=\"text-align: center;\">\u00a019\u00b708\u00b718<\/p>\t\t\t\t\t\t<\/div>\n\t\t\t\t<\/div>\n\t\t\t\t<div class=\"elementor-element elementor-element-e155e5b elementor-drop-cap-yes elementor-drop-cap-view-default elementor-widget elementor-widget-text-editor\" data-id=\"e155e5b\" data-element_type=\"widget\" data-settings=\"{&quot;drop_cap&quot;:&quot;yes&quot;}\" data-widget_type=\"text-editor.default\">\n\t\t\t\t<div class=\"elementor-widget-container\">\n\t\t\t\t\t\t\t<p>El Chaco es el ecosistema m\u00e1s grande de Sudam\u00e9rica luego de la Amazon\u00eda, abarca tres pa\u00edses y tiene 53 sistemas ecol\u00f3gicos diferentes. Su diversidad biol\u00f3gica y cultural es tan enorme como la cat\u00e1strofe que enfrenta. Es el territorio con la deforestaci\u00f3n m\u00e1s acelerada del mundo y all\u00ed compran tierras las personas m\u00e1s poderosas de la regi\u00f3n. En 2018 la poblaci\u00f3n de vacas en el Chaco paraguayo duplic\u00f3 la cantidad de personas en el pa\u00eds. Vacas que necesitan mucho espacio, poca gente y ning\u00fan \u00e1rbol para proveer de prote\u00ednas a lugares como Rusia, Israel o Alemania. Para completar el asado, los \u00e1rboles talados se convierten en carb\u00f3n de exportaci\u00f3n.<\/p><p>Esta serie da cuenta de los problemas que enfrenta este territorio tan rico en vida e historia, pero tambi\u00e9n de quienes se enfrentan a un modelo de saqueo para preservar el patrimonio de todos y todas. Y nos permite dar un vistazo a la fascinante diversidad en peligro urgente: al ritmo actual de deforestaci\u00f3n el Chaco paraguayo ser\u00e1 un desierto en este siglo.<\/p>\t\t\t\t\t\t<\/div>\n\t\t\t\t<\/div>\n\t\t\t\t\t<\/div>\n\t\t<\/div>\n\t\t\t\t\t<\/div>\n\t\t<\/section>\n\t\t\t\t<section data-particle_enable=\"false\" data-particle-mobile-disabled=\"false\" class=\"elementor-section elementor-top-section elementor-element elementor-element-9b0b6f1 elementor-section-boxed elementor-section-height-default elementor-section-height-default\" data-id=\"9b0b6f1\" data-element_type=\"section\" data-settings=\"{&quot;background_background&quot;:&quot;classic&quot;}\">\n\t\t\t\t\t\t<div class=\"elementor-container elementor-column-gap-default\">\n\t\t\t\t\t<div class=\"elementor-column elementor-col-100 elementor-top-column elementor-element elementor-element-832a00b\" data-id=\"832a00b\" data-element_type=\"column\">\n\t\t\t<div class=\"elementor-widget-wrap elementor-element-populated\">\n\t\t\t\t\t\t<div class=\"elementor-element elementor-element-f6ca7fd elementor-widget elementor-widget-heading\" data-id=\"f6ca7fd\" data-element_type=\"widget\" data-widget_type=\"heading.default\">\n\t\t\t\t<div class=\"elementor-widget-container\">\n\t\t\t<h2 class=\"elementor-heading-title elementor-size-default\">Los cap\u00edtulos de la serie<\/h2>\t\t<\/div>\n\t\t\t\t<\/div>\n\t\t\t\t<section data-particle_enable=\"false\" data-particle-mobile-disabled=\"false\" class=\"elementor-section elementor-inner-section elementor-element elementor-element-820a49f elementor-reverse-tablet elementor-reverse-mobile elementor-section-boxed elementor-section-height-default elementor-section-height-default\" data-id=\"820a49f\" data-element_type=\"section\">\n\t\t\t\t\t\t<div class=\"elementor-container elementor-column-gap-default\">\n\t\t\t\t\t<div class=\"elementor-column elementor-col-50 elementor-inner-column elementor-element elementor-element-b70a374 fenomeno-destacado-body\" data-id=\"b70a374\" data-element_type=\"column\">\n\t\t\t<div class=\"elementor-widget-wrap elementor-element-populated\">\n\t\t\t\t\t\t<div class=\"elementor-element elementor-element-6eb54eb elementor-widget elementor-widget-heading\" data-id=\"6eb54eb\" data-element_type=\"widget\" data-widget_type=\"heading.default\">\n\t\t\t\t<div class=\"elementor-widget-container\">\n\t\t\t<h2 class=\"elementor-heading-title elementor-size-default\"><a href=\"https:\/\/elsurti.com\/pt\/futuros\/scroll-animado\/2017\/10\/25\/la-fabulosa-vida-del-chaco\/\">La fabulosa vida del Chaco<\/a><\/h2>\t\t<\/div>\n\t\t\t\t<\/div>\n\t\t\t\t<div class=\"elementor-element elementor-element-292ac7e elementor-widget elementor-widget-text-editor\" data-id=\"292ac7e\" data-element_type=\"widget\" data-widget_type=\"text-editor.default\">\n\t\t\t\t<div class=\"elementor-widget-container\">\n\t\t\t\t\t\t\t<p>El segundo ecosistema m\u00e1s importante de Sudam\u00e9rica est\u00e1 en peligro de convertirse en un desierto.<\/p>\t\t\t\t\t\t<\/div>\n\t\t\t\t<\/div>\n\t\t\t\t<div class=\"elementor-element elementor-element-3283aee elementor-widget elementor-widget-text-editor\" data-id=\"3283aee\" data-element_type=\"widget\" data-widget_type=\"text-editor.default\">\n\t\t\t\t<div class=\"elementor-widget-container\">\n\t\t\t\t\t\t\t<p>texto maximiliano manzoni<br \/>edici\u00f3n juan heilborn<br \/>ilustraci\u00f3n robert b\u00e1ez<br \/><span style=\"font-size: 14px;\">25\u00b710\u00b717<\/span><\/p>\t\t\t\t\t\t<\/div>\n\t\t\t\t<\/div>\n\t\t\t\t\t<\/div>\n\t\t<\/div>\n\t\t\t\t<div class=\"elementor-column elementor-col-50 elementor-inner-column elementor-element elementor-element-aec6b36\" data-id=\"aec6b36\" data-element_type=\"column\">\n\t\t\t<div class=\"elementor-widget-wrap elementor-element-populated\">\n\t\t\t\t\t\t<div class=\"elementor-element elementor-element-b1f2f45 elementor-widget elementor-widget-image\" data-id=\"b1f2f45\" data-element_type=\"widget\" data-widget_type=\"image.default\">\n\t\t\t\t<div class=\"elementor-widget-container\">\n\t\t\t\t\t\t\t\t\t\t\t\t\t\t<a href=\"https:\/\/elsurti.com\/pt\/futuros\/scroll-animado\/2017\/10\/25\/la-fabulosa-vida-del-chaco\/\">\n\t\t\t\t\t\t\t<img fetchpriority=\"high\" decoding=\"async\" width=\"768\" height=\"428\" src=\"https:\/\/elsurti.com\/wp-content\/uploads\/2021\/04\/01-meta01-768x428.jpg\" class=\"attachment-medium_large size-medium_large wp-image-18670\" alt=\"\" srcset=\"https:\/\/elsurti.com\/wp-content\/uploads\/2021\/04\/01-meta01-768x428.jpg 768w, https:\/\/elsurti.com\/wp-content\/uploads\/2021\/04\/01-meta01-300x167.jpg 300w, https:\/\/elsurti.com\/wp-content\/uploads\/2021\/04\/01-meta01-16x9.jpg 16w, https:\/\/elsurti.com\/wp-content\/uploads\/2021\/04\/01-meta01-150x84.jpg 150w, https:\/\/elsurti.com\/wp-content\/uploads\/2021\/04\/01-meta01.jpg 850w\" sizes=\"(max-width: 768px) 100vw, 768px\" \/>\t\t\t\t\t\t\t\t<\/a>\n\t\t\t\t\t\t\t\t\t\t\t\t\t<\/div>\n\t\t\t\t<\/div>\n\t\t\t\t\t<\/div>\n\t\t<\/div>\n\t\t\t\t\t<\/div>\n\t\t<\/section>\n\t\t\t\t<section data-particle_enable=\"false\" data-particle-mobile-disabled=\"false\" class=\"elementor-section elementor-inner-section elementor-element elementor-element-aa3b52c elementor-reverse-tablet elementor-reverse-mobile elementor-section-boxed elementor-section-height-default elementor-section-height-default\" data-id=\"aa3b52c\" data-element_type=\"section\">\n\t\t\t\t\t\t<div class=\"elementor-container elementor-column-gap-default\">\n\t\t\t\t\t<div class=\"elementor-column elementor-col-50 elementor-inner-column elementor-element elementor-element-b6fc62a fenomeno-destacado-body\" data-id=\"b6fc62a\" data-element_type=\"column\">\n\t\t\t<div class=\"elementor-widget-wrap elementor-element-populated\">\n\t\t\t\t\t\t<div class=\"elementor-element elementor-element-4b74eea elementor-widget elementor-widget-heading\" data-id=\"4b74eea\" data-element_type=\"widget\" data-widget_type=\"heading.default\">\n\t\t\t\t<div class=\"elementor-widget-container\">\n\t\t\t<h2 class=\"elementor-heading-title elementor-size-default\"><a href=\"https:\/\/elsurti.com\/pt\/futuros\/scroll-animado\/2017\/10\/10\/el-asado-europeo-que-deforesta-el-chaco\/\">El asado europeo que deforesta el Chaco<\/a><\/h2>\t\t<\/div>\n\t\t\t\t<\/div>\n\t\t\t\t<div class=\"elementor-element elementor-element-9ecbea6 elementor-widget elementor-widget-text-editor\" data-id=\"9ecbea6\" data-element_type=\"widget\" data-widget_type=\"text-editor.default\">\n\t\t\t\t<div class=\"elementor-widget-container\">\n\t\t\t\t\t\t\t<p>El Chaco paraguayo est\u00e1 siendo devorado a toda velocidad por empresas que exportan carne y carb\u00f3n.<\/p>\t\t\t\t\t\t<\/div>\n\t\t\t\t<\/div>\n\t\t\t\t<div class=\"elementor-element elementor-element-f7205b4 elementor-widget elementor-widget-text-editor\" data-id=\"f7205b4\" data-element_type=\"widget\" data-widget_type=\"text-editor.default\">\n\t\t\t\t<div class=\"elementor-widget-container\">\n\t\t\t\t\t\t\t<p>texto fernando ferreira<br \/>edici\u00f3n juan heilborn<br \/>ilustraci\u00f3n robert b\u00e1ez<br \/><span style=\"font-size: 14px;\">10\u00b710\u00b717<\/span><\/p>\t\t\t\t\t\t<\/div>\n\t\t\t\t<\/div>\n\t\t\t\t\t<\/div>\n\t\t<\/div>\n\t\t\t\t<div class=\"elementor-column elementor-col-50 elementor-inner-column elementor-element elementor-element-6325be1\" data-id=\"6325be1\" data-element_type=\"column\">\n\t\t\t<div class=\"elementor-widget-wrap elementor-element-populated\">\n\t\t\t\t\t\t<div class=\"elementor-element elementor-element-fc1978d elementor-widget elementor-widget-image\" data-id=\"fc1978d\" data-element_type=\"widget\" data-widget_type=\"image.default\">\n\t\t\t\t<div class=\"elementor-widget-container\">\n\t\t\t\t\t\t\t\t\t\t\t\t\t\t<a href=\"https:\/\/elsurti.com\/pt\/futuros\/scroll-animado\/2017\/10\/10\/el-asado-europeo-que-deforesta-el-chaco\/\">\n\t\t\t\t\t\t\t<img decoding=\"async\" width=\"768\" height=\"428\" src=\"https:\/\/elsurti.com\/wp-content\/uploads\/2021\/04\/02-meta-02-768x428.jpg\" class=\"attachment-medium_large size-medium_large wp-image-18672\" alt=\"\" srcset=\"https:\/\/elsurti.com\/wp-content\/uploads\/2021\/04\/02-meta-02-768x428.jpg 768w, https:\/\/elsurti.com\/wp-content\/uploads\/2021\/04\/02-meta-02-300x167.jpg 300w, https:\/\/elsurti.com\/wp-content\/uploads\/2021\/04\/02-meta-02-16x9.jpg 16w, https:\/\/elsurti.com\/wp-content\/uploads\/2021\/04\/02-meta-02-150x84.jpg 150w, https:\/\/elsurti.com\/wp-content\/uploads\/2021\/04\/02-meta-02.jpg 850w\" sizes=\"(max-width: 768px) 100vw, 768px\" \/>\t\t\t\t\t\t\t\t<\/a>\n\t\t\t\t\t\t\t\t\t\t\t\t\t<\/div>\n\t\t\t\t<\/div>\n\t\t\t\t\t<\/div>\n\t\t<\/div>\n\t\t\t\t\t<\/div>\n\t\t<\/section>\n\t\t\t\t<section data-particle_enable=\"false\" data-particle-mobile-disabled=\"false\" class=\"elementor-section elementor-inner-section elementor-element elementor-element-a824bfe elementor-reverse-tablet elementor-reverse-mobile elementor-section-boxed elementor-section-height-default elementor-section-height-default\" data-id=\"a824bfe\" data-element_type=\"section\">\n\t\t\t\t\t\t<div class=\"elementor-container elementor-column-gap-default\">\n\t\t\t\t\t<div class=\"elementor-column elementor-col-50 elementor-inner-column elementor-element elementor-element-66f8c8b fenomeno-destacado-body\" data-id=\"66f8c8b\" data-element_type=\"column\">\n\t\t\t<div class=\"elementor-widget-wrap elementor-element-populated\">\n\t\t\t\t\t\t<div class=\"elementor-element elementor-element-182ee5a elementor-widget elementor-widget-heading\" data-id=\"182ee5a\" data-element_type=\"widget\" data-widget_type=\"heading.default\">\n\t\t\t\t<div class=\"elementor-widget-container\">\n\t\t\t<h2 class=\"elementor-heading-title elementor-size-default\"><a href=\"https:\/\/elsurti.com\/pt\/futuros\/scroll-animado\/2017\/10\/10\/un-dios-compro-un-pueblo-en-el-chaco\/\">Un Dios compr\u00f3 un pueblo en el Chaco<\/a><\/h2>\t\t<\/div>\n\t\t\t\t<\/div>\n\t\t\t\t<div class=\"elementor-element elementor-element-f6728d1 elementor-widget elementor-widget-text-editor\" data-id=\"f6728d1\" data-element_type=\"widget\" data-widget_type=\"text-editor.default\">\n\t\t\t\t<div class=\"elementor-widget-container\">\n\t\t\t\t\t\t\t\u00bfC\u00f3mo termin\u00f3 una secta siendo la mayor propietaria de tierras del Paraguay?\t\t\t\t\t\t<\/div>\n\t\t\t\t<\/div>\n\t\t\t\t<div class=\"elementor-element elementor-element-7f39cf2 elementor-widget elementor-widget-text-editor\" data-id=\"7f39cf2\" data-element_type=\"widget\" data-widget_type=\"text-editor.default\">\n\t\t\t\t<div class=\"elementor-widget-container\">\n\t\t\t\t\t\t\t<p>texto nadia g\u00f3mez<br \/>edici\u00f3n juan heilborn<br \/>ilustraci\u00f3n robert b\u00e1ez<br \/><span style=\"font-size: 14px;\">10\u00b710\u00b717<\/span><\/p>\t\t\t\t\t\t<\/div>\n\t\t\t\t<\/div>\n\t\t\t\t\t<\/div>\n\t\t<\/div>\n\t\t\t\t<div class=\"elementor-column elementor-col-50 elementor-inner-column elementor-element elementor-element-f6aa52f\" data-id=\"f6aa52f\" data-element_type=\"column\">\n\t\t\t<div class=\"elementor-widget-wrap elementor-element-populated\">\n\t\t\t\t\t\t<div class=\"elementor-element elementor-element-66d5ddd elementor-widget elementor-widget-image\" data-id=\"66d5ddd\" data-element_type=\"widget\" data-widget_type=\"image.default\">\n\t\t\t\t<div class=\"elementor-widget-container\">\n\t\t\t\t\t\t\t\t\t\t\t\t\t\t<a href=\"https:\/\/elsurti.com\/pt\/futuros\/scroll-animado\/2017\/10\/10\/un-dios-compro-un-pueblo-en-el-chaco\/\">\n\t\t\t\t\t\t\t<img decoding=\"async\" width=\"768\" height=\"428\" src=\"https:\/\/elsurti.com\/wp-content\/uploads\/2021\/04\/03-meta03-768x428.jpg\" class=\"attachment-medium_large size-medium_large wp-image-18674\" alt=\"\" srcset=\"https:\/\/elsurti.com\/wp-content\/uploads\/2021\/04\/03-meta03-768x428.jpg 768w, https:\/\/elsurti.com\/wp-content\/uploads\/2021\/04\/03-meta03-300x167.jpg 300w, https:\/\/elsurti.com\/wp-content\/uploads\/2021\/04\/03-meta03-16x9.jpg 16w, https:\/\/elsurti.com\/wp-content\/uploads\/2021\/04\/03-meta03-150x84.jpg 150w, https:\/\/elsurti.com\/wp-content\/uploads\/2021\/04\/03-meta03.jpg 850w\" sizes=\"(max-width: 768px) 100vw, 768px\" \/>\t\t\t\t\t\t\t\t<\/a>\n\t\t\t\t\t\t\t\t\t\t\t\t\t<\/div>\n\t\t\t\t<\/div>\n\t\t\t\t\t<\/div>\n\t\t<\/div>\n\t\t\t\t\t<\/div>\n\t\t<\/section>\n\t\t\t\t<section data-particle_enable=\"false\" data-particle-mobile-disabled=\"false\" class=\"elementor-section elementor-inner-section elementor-element elementor-element-cc49c8c elementor-reverse-tablet elementor-reverse-mobile elementor-section-boxed elementor-section-height-default elementor-section-height-default\" data-id=\"cc49c8c\" data-element_type=\"section\">\n\t\t\t\t\t\t<div class=\"elementor-container elementor-column-gap-default\">\n\t\t\t\t\t<div class=\"elementor-column elementor-col-50 elementor-inner-column elementor-element elementor-element-b53550d fenomeno-destacado-body\" data-id=\"b53550d\" data-element_type=\"column\">\n\t\t\t<div class=\"elementor-widget-wrap elementor-element-populated\">\n\t\t\t\t\t\t<div class=\"elementor-element elementor-element-c8a4996 elementor-widget elementor-widget-heading\" data-id=\"c8a4996\" data-element_type=\"widget\" data-widget_type=\"heading.default\">\n\t\t\t\t<div class=\"elementor-widget-container\">\n\t\t\t<h2 class=\"elementor-heading-title elementor-size-default\"><a href=\"https:\/\/elsurti.com\/pt\/futuros\/scroll-animado\/2017\/10\/09\/los-defensores-del-chaco\/\">Los defensores del Chaco<\/a><\/h2>\t\t<\/div>\n\t\t\t\t<\/div>\n\t\t\t\t<div class=\"elementor-element elementor-element-ae6c13a elementor-widget elementor-widget-text-editor\" data-id=\"ae6c13a\" data-element_type=\"widget\" data-widget_type=\"text-editor.default\">\n\t\t\t\t<div class=\"elementor-widget-container\">\n\t\t\t\t\t\t\t<p>Las comunidades ind\u00edgenas y su rol en la protecci\u00f3n de la naturaleza.<\/p>\t\t\t\t\t\t<\/div>\n\t\t\t\t<\/div>\n\t\t\t\t<div class=\"elementor-element elementor-element-6beb801 elementor-widget elementor-widget-text-editor\" data-id=\"6beb801\" data-element_type=\"widget\" data-widget_type=\"text-editor.default\">\n\t\t\t\t<div class=\"elementor-widget-container\">\n\t\t\t\t\t\t\t<p>texto fernando ferreira<br \/>edici\u00f3n juan heilborn<br \/>ilustraci\u00f3n robert b\u00e1ez<br \/><span style=\"font-size: 14px;\">09\u00b710\u00b717<\/span><\/p>\t\t\t\t\t\t<\/div>\n\t\t\t\t<\/div>\n\t\t\t\t\t<\/div>\n\t\t<\/div>\n\t\t\t\t<div class=\"elementor-column elementor-col-50 elementor-inner-column elementor-element elementor-element-5848053\" data-id=\"5848053\" data-element_type=\"column\">\n\t\t\t<div class=\"elementor-widget-wrap elementor-element-populated\">\n\t\t\t\t\t\t<div class=\"elementor-element elementor-element-005d550 elementor-widget elementor-widget-image\" data-id=\"005d550\" data-element_type=\"widget\" data-widget_type=\"image.default\">\n\t\t\t\t<div class=\"elementor-widget-container\">\n\t\t\t\t\t\t\t\t\t\t\t\t\t\t<a href=\"https:\/\/elsurti.com\/pt\/futuros\/scroll-animado\/2017\/10\/09\/los-defensores-del-chaco\/\">\n\t\t\t\t\t\t\t<img loading=\"lazy\" decoding=\"async\" width=\"768\" height=\"428\" src=\"https:\/\/elsurti.com\/wp-content\/uploads\/2021\/04\/04-meta04-768x428.jpg\" class=\"attachment-medium_large size-medium_large wp-image-18676\" alt=\"\" srcset=\"https:\/\/elsurti.com\/wp-content\/uploads\/2021\/04\/04-meta04-768x428.jpg 768w, https:\/\/elsurti.com\/wp-content\/uploads\/2021\/04\/04-meta04-300x167.jpg 300w, https:\/\/elsurti.com\/wp-content\/uploads\/2021\/04\/04-meta04-16x9.jpg 16w, https:\/\/elsurti.com\/wp-content\/uploads\/2021\/04\/04-meta04-150x84.jpg 150w, https:\/\/elsurti.com\/wp-content\/uploads\/2021\/04\/04-meta04.jpg 850w\" sizes=\"(max-width: 768px) 100vw, 768px\" \/>\t\t\t\t\t\t\t\t<\/a>\n\t\t\t\t\t\t\t\t\t\t\t\t\t<\/div>\n\t\t\t\t<\/div>\n\t\t\t\t\t<\/div>\n\t\t<\/div>\n\t\t\t\t\t<\/div>\n\t\t<\/section>\n\t\t\t\t\t<\/div>\n\t\t<\/div>\n\t\t\t\t\t<\/div>\n\t\t<\/section>\n\t\t\t\t<section data-particle_enable=\"false\" data-particle-mobile-disabled=\"false\" class=\"elementor-section elementor-top-section elementor-element elementor-element-3f76b83 elementor-section-boxed elementor-section-height-default elementor-section-height-default\" data-id=\"3f76b83\" data-element_type=\"section\" data-settings=\"{&quot;background_background&quot;:&quot;classic&quot;}\">\n\t\t\t\t\t\t<div class=\"elementor-container elementor-column-gap-default\">\n\t\t\t\t\t<div class=\"elementor-column elementor-col-100 elementor-top-column elementor-element elementor-element-9a78e2d\" data-id=\"9a78e2d\" data-element_type=\"column\">\n\t\t\t<div class=\"elementor-widget-wrap elementor-element-populated\">\n\t\t\t\t\t\t<div class=\"elementor-element elementor-element-75645da elementor-widget elementor-widget-text-editor\" data-id=\"75645da\" data-element_type=\"widget\" data-widget_type=\"text-editor.default\">\n\t\t\t\t<div class=\"elementor-widget-container\">\n\t\t\t\t\t\t\t<p><strong>Reportajes:<\/strong> Maximiliano Manzoni, Nadia G\u00f3mez &amp; Fernando Ferreira \u00b7 <strong>Edici\u00f3n:<\/strong> Jazm\u00edn Acu\u00f1a, Juan Heilborn &amp; Alejandro Valdez \u00b7 <strong>Ilustraci\u00f3n:<\/strong> Robert Baez \u00b7 <strong>Desarrollo tech:<\/strong> Vivian Esp\u00ednola &amp; Pablo Castillo \u00b7 <strong>Direcci\u00f3n:<\/strong>\u00a0Alejandro Valdez Sanabria<\/p><p>Esta serie gan\u00f3 el Premio Gabriel Garc\u00eda M\u00e1rquez 2018 a la Innovaci\u00f3n en periodismo<\/p>\t\t\t\t\t\t<\/div>\n\t\t\t\t<\/div>\n\t\t\t\t\t<\/div>\n\t\t<\/div>\n\t\t\t\t\t<\/div>\n\t\t<\/section>\n\t\t\t\t<\/div>","protected":false},"excerpt":{"rendered":"<p>Futuros Los desterrados del Chaco Una serie sobre el lugar con la deforestaci\u00f3n m\u00e1s acelerada del mundo. \u00a019\u00b708\u00b718 El Chaco es el ecosistema m\u00e1s grande de Sudam\u00e9rica luego de la Amazon\u00eda, abarca tres pa\u00edses y tiene 53 sistemas ecol\u00f3gicos diferentes. Su diversidad biol\u00f3gica y cultural es tan enorme como la cat\u00e1strofe que enfrenta. Es el [&hellip;]<\/p>","protected":false},"author":1,"featured_media":18668,"parent":0,"menu_order":0,"comment_status":"closed","ping_status":"closed","template":"","meta":{"_acf_changed":false,"footnotes":""},"categories":[],"tags":[126],"fenomeno":[67],"tema":[],"acf":[],"_links":{"self":[{"href":"https:\/\/elsurti.com\/pt\/wp-json\/wp\/v2\/pages\/18574"}],"collection":[{"href":"https:\/\/elsurti.com\/pt\/wp-json\/wp\/v2\/pages"}],"about":[{"href":"https:\/\/elsurti.com\/pt\/wp-json\/wp\/v2\/types\/page"}],"author":[{"embeddable":true,"href":"https:\/\/elsurti.com\/pt\/wp-json\/wp\/v2\/users\/1"}],"replies":[{"embeddable":true,"href":"https:\/\/elsurti.com\/pt\/wp-json\/wp\/v2\/comments?post=18574"}],"version-history":[{"count":26,"href":"https:\/\/elsurti.com\/pt\/wp-json\/wp\/v2\/pages\/18574\/revisions"}],"predecessor-version":[{"id":20012,"href":"https:\/\/elsurti.com\/pt\/wp-json\/wp\/v2\/pages\/18574\/revisions\/20012"}],"wp:featuredmedia":[{"embeddable":true,"href":"https:\/\/elsurti.com\/pt\/wp-json\/wp\/v2\/media\/18668"}],"wp:attachment":[{"href":"https:\/\/elsurti.com\/pt\/wp-json\/wp\/v2\/media?parent=18574"}],"wp:term":[{"taxonomy":"category","embeddable":true,"href":"https:\/\/elsurti.com\/pt\/wp-json\/wp\/v2\/categories?post=18574"},{"taxonomy":"post_tag","embeddable":true,"href":"https:\/\/elsurti.com\/pt\/wp-json\/wp\/v2\/tags?post=18574"},{"taxonomy":"fenomeno","embeddable":true,"href":"https:\/\/elsurti.com\/pt\/wp-json\/wp\/v2\/fenomeno?post=18574"},{"taxonomy":"tema","embeddable":true,"href":"https:\/\/elsurti.com\/pt\/wp-json\/wp\/v2\/tema?post=18574"}],"curies":[{"name":"wp","href":"https:\/\/api.w.org\/{rel}","templated":true}]}}