{"id":21324,"date":"2019-11-19T18:22:00","date_gmt":"2019-11-19T22:22:00","guid":{"rendered":"https:\/\/elsurti.com\/?page_id=21324"},"modified":"2021-06-03T18:53:24","modified_gmt":"2021-06-03T22:53:24","slug":"5-puntos-para-entender-la-orden-de-captura-a-cartes","status":"publish","type":"page","link":"https:\/\/elsurti.com\/pt\/laprecisa\/especial\/5-puntos-para-entender-la-orden-de-captura-a-cartes\/","title":{"rendered":"5 puntos para entender la orden de captura a Cartes"},"content":{"rendered":"<div data-elementor-type=\"wp-page\" data-elementor-id=\"21324\" class=\"elementor elementor-21324\" data-elementor-post-type=\"page\">\n\t\t\t\t\t\t<section data-particle_enable=\"false\" data-particle-mobile-disabled=\"false\" class=\"elementor-section elementor-top-section elementor-element elementor-element-c2cb14e elementor-section-boxed elementor-section-height-default elementor-section-height-default\" data-id=\"c2cb14e\" data-element_type=\"section\">\n\t\t\t\t\t\t<div class=\"elementor-container elementor-column-gap-default\">\n\t\t\t\t\t<div class=\"elementor-column elementor-col-100 elementor-top-column elementor-element elementor-element-885641f\" data-id=\"885641f\" data-element_type=\"column\">\n\t\t\t<div class=\"elementor-widget-wrap elementor-element-populated\">\n\t\t\t\t\t\t<div class=\"elementor-element elementor-element-aae491c elementor-align-center elementor-mobile-align-center elementor-widget elementor-widget-button\" data-id=\"aae491c\" data-element_type=\"widget\" data-widget_type=\"button.default\">\n\t\t\t\t<div class=\"elementor-widget-container\">\n\t\t\t\t\t\t\t<div class=\"elementor-button-wrapper\">\n\t\t\t\t\t<a class=\"elementor-button elementor-button-link elementor-size-xs\" href=\"#\">\n\t\t\t\t\t\t<span class=\"elementor-button-content-wrapper\">\n\t\t\t\t\t\t\t\t\t<span class=\"elementor-button-text\">#LaPrecisa<\/span>\n\t\t\t\t\t<\/span>\n\t\t\t\t\t<\/a>\n\t\t\t\t<\/div>\n\t\t\t\t\t\t<\/div>\n\t\t\t\t<\/div>\n\t\t\t\t<div class=\"elementor-element elementor-element-af393cc elementor-widget elementor-widget-heading\" data-id=\"af393cc\" data-element_type=\"widget\" data-widget_type=\"heading.default\">\n\t\t\t\t<div class=\"elementor-widget-container\">\n\t\t\t<h2 class=\"elementor-heading-title elementor-size-default\">5 puntos para entender la orden de captura a Cartes<\/h2>\t\t<\/div>\n\t\t\t\t<\/div>\n\t\t\t\t<div class=\"elementor-element elementor-element-52a8507 elementor-widget elementor-widget-text-editor\" data-id=\"52a8507\" data-element_type=\"widget\" data-widget_type=\"text-editor.default\">\n\t\t\t\t<div class=\"elementor-widget-container\">\n\t\t\t\t\t\t\t<p>\u00abPatr\u00e3o:\u00a0Desculpa te incomodar nessa hora, mas a situa\u00e7\u00e3o em que me encontro est\u00e1 muito complicada\u00bb. As\u00ed empieza la carta publicada por el Ministerio P\u00fablico de Brasil el 19 de noviembre de 2019 que Dario Messer envi\u00f3 a Horacio Cartes mientras estaba pr\u00f3fugo de la justicia brasile\u00f1a y paraguaya.<\/p>\t\t\t\t\t\t<\/div>\n\t\t\t\t<\/div>\n\t\t\t\t<div class=\"elementor-element elementor-element-26b89fb elementor-widget elementor-widget-text-editor\" data-id=\"26b89fb\" data-element_type=\"widget\" data-widget_type=\"text-editor.default\">\n\t\t\t\t<div class=\"elementor-widget-container\">\n\t\t\t\t\t\t\t<p style=\"text-align: center;\">\u00a019\u00b711\u00b719<\/p>\t\t\t\t\t\t<\/div>\n\t\t\t\t<\/div>\n\t\t\t\t<div class=\"elementor-element elementor-element-92d927c elementor-drop-cap-yes elementor-drop-cap-view-default elementor-widget elementor-widget-text-editor\" data-id=\"92d927c\" data-element_type=\"widget\" data-settings=\"{&quot;drop_cap&quot;:&quot;yes&quot;}\" data-widget_type=\"text-editor.default\">\n\t\t\t\t<div class=\"elementor-widget-container\">\n\t\t\t\t\t\t\t<p>Le ped\u00eda 500.000 d\u00f3lares para afrontar el proceso jur\u00eddico en su contra.<\/p><p>Esta carta es una de las pruebas por las cuales Brasil pidi\u00f3 orden de captura para el ex presidente de Paraguay, acus\u00e1ndolo de financiar, ayudando a Messer, a la organizaci\u00f3n criminal de la que el\u00a0<em>doleiro de doleiros<\/em>\u00a0era parte y que se encargaba de lavar el dinero de il\u00edcitos como el caso Lava Jato.<\/p><p><strong>\u00bfQu\u00e9 exactamente hac\u00eda Messer en Paraguay? \u00bfY c\u00f3mo el lavado de dinero te afecta todos los d\u00edas a vos?<\/strong><\/p>\t\t\t\t\t\t<\/div>\n\t\t\t\t<\/div>\n\t\t\t\t\t<\/div>\n\t\t<\/div>\n\t\t\t\t\t<\/div>\n\t\t<\/section>\n\t\t\t\t<section data-particle_enable=\"false\" data-particle-mobile-disabled=\"false\" class=\"elementor-section elementor-top-section elementor-element elementor-element-4a695ec elementor-section-boxed elementor-section-height-default elementor-section-height-default\" data-id=\"4a695ec\" data-element_type=\"section\" data-settings=\"{&quot;background_background&quot;:&quot;classic&quot;}\">\n\t\t\t\t\t\t<div class=\"elementor-container elementor-column-gap-default\">\n\t\t\t\t\t<div class=\"elementor-column elementor-col-100 elementor-top-column elementor-element elementor-element-c8c4484\" data-id=\"c8c4484\" data-element_type=\"column\">\n\t\t\t<div class=\"elementor-widget-wrap elementor-element-populated\">\n\t\t\t\t\t\t<section data-particle_enable=\"false\" data-particle-mobile-disabled=\"false\" class=\"elementor-section elementor-inner-section elementor-element elementor-element-0e914d1 elementor-section-boxed elementor-section-height-default elementor-section-height-default\" data-id=\"0e914d1\" data-element_type=\"section\">\n\t\t\t\t\t\t<div class=\"elementor-container elementor-column-gap-default\">\n\t\t\t\t\t<div class=\"elementor-column elementor-col-50 elementor-inner-column elementor-element elementor-element-a4ba96c\" data-id=\"a4ba96c\" data-element_type=\"column\">\n\t\t\t<div class=\"elementor-widget-wrap elementor-element-populated\">\n\t\t\t\t\t\t<div class=\"elementor-element elementor-element-bfcbce2 elementor-widget elementor-widget-fenomeno-seccion-intro\" data-id=\"bfcbce2\" data-element_type=\"widget\" data-widget_type=\"fenomeno-seccion-intro.default\">\n\t\t\t\t<div class=\"elementor-widget-container\">\n\t\t\t    \n    <div class=\"fenomeno-seccion-intro\">\n        <div class=\"fenomenoSeccionIntro__title\">\n          <h2>EL PATR\u00d3N<\/h2>        <\/div>\n        <div class=\"fenomenoSeccionIntro__lead\">\n          <p>No es la primera vez que Horacio Cartes es acusado de il\u00edcitos. Lavado de dinero, evasi\u00f3n de divisas, contrabando de cigarrillos. La trayectoria de un empresario exitoso, ex presidente, due\u00f1o de uno de los mayores holdings de medios y con tent\u00e1culos en todos los poderes del Estado.<\/p>        <\/div>\n    <\/div>\n\n    \t\t<\/div>\n\t\t\t\t<\/div>\n\t\t\t\t\t<\/div>\n\t\t<\/div>\n\t\t\t\t<div class=\"elementor-column elementor-col-50 elementor-inner-column elementor-element elementor-element-56fc829\" data-id=\"56fc829\" data-element_type=\"column\">\n\t\t\t<div class=\"elementor-widget-wrap elementor-element-populated\">\n\t\t\t\t\t\t<div class=\"elementor-element elementor-element-74b943c elementor-widget elementor-widget-image\" data-id=\"74b943c\" data-element_type=\"widget\" data-widget_type=\"image.default\">\n\t\t\t\t<div class=\"elementor-widget-container\">\n\t\t\t\t\t\t\t\t\t\t\t\t\t<img fetchpriority=\"high\" decoding=\"async\" width=\"768\" height=\"960\" src=\"https:\/\/elsurti.com\/wp-content\/uploads\/2021\/06\/signal-attachment-2019-11-19-153415_001-768x960.png\" class=\"attachment-medium_large size-medium_large wp-image-21331\" alt=\"\" srcset=\"https:\/\/elsurti.com\/wp-content\/uploads\/2021\/06\/signal-attachment-2019-11-19-153415_001-768x960.png 768w, https:\/\/elsurti.com\/wp-content\/uploads\/2021\/06\/signal-attachment-2019-11-19-153415_001-240x300.png 240w, https:\/\/elsurti.com\/wp-content\/uploads\/2021\/06\/signal-attachment-2019-11-19-153415_001-819x1024.png 819w, https:\/\/elsurti.com\/wp-content\/uploads\/2021\/06\/signal-attachment-2019-11-19-153415_001-10x12.png 10w, https:\/\/elsurti.com\/wp-content\/uploads\/2021\/06\/signal-attachment-2019-11-19-153415_001.png 1024w\" sizes=\"(max-width: 768px) 100vw, 768px\" \/>\t\t\t\t\t\t\t\t\t\t\t\t\t<\/div>\n\t\t\t\t<\/div>\n\t\t\t\t\t<\/div>\n\t\t<\/div>\n\t\t\t\t\t<\/div>\n\t\t<\/section>\n\t\t\t\t\t<\/div>\n\t\t<\/div>\n\t\t\t\t\t<\/div>\n\t\t<\/section>\n\t\t\t\t<section data-particle_enable=\"false\" data-particle-mobile-disabled=\"false\" class=\"elementor-section elementor-top-section elementor-element elementor-element-c76879b elementor-section-boxed elementor-section-height-default elementor-section-height-default\" data-id=\"c76879b\" data-element_type=\"section\">\n\t\t\t\t\t\t<div class=\"elementor-container elementor-column-gap-default\">\n\t\t\t\t\t<div class=\"elementor-column elementor-col-100 elementor-top-column elementor-element elementor-element-d47071c\" data-id=\"d47071c\" data-element_type=\"column\">\n\t\t\t<div class=\"elementor-widget-wrap elementor-element-populated\">\n\t\t\t\t\t\t<section data-particle_enable=\"false\" data-particle-mobile-disabled=\"false\" class=\"elementor-section elementor-inner-section elementor-element elementor-element-989d6b1 elementor-section-boxed elementor-section-height-default elementor-section-height-default\" data-id=\"989d6b1\" data-element_type=\"section\">\n\t\t\t\t\t\t<div class=\"elementor-container elementor-column-gap-default\">\n\t\t\t\t\t<div class=\"elementor-column elementor-col-50 elementor-inner-column elementor-element elementor-element-2a7feac\" data-id=\"2a7feac\" data-element_type=\"column\">\n\t\t\t<div class=\"elementor-widget-wrap elementor-element-populated\">\n\t\t\t\t\t\t<div class=\"elementor-element elementor-element-3f39f11 elementor-widget elementor-widget-fenomeno-seccion-intro\" data-id=\"3f39f11\" data-element_type=\"widget\" data-widget_type=\"fenomeno-seccion-intro.default\">\n\t\t\t\t<div class=\"elementor-widget-container\">\n\t\t\t    \n    <div class=\"fenomeno-seccion-intro\">\n        <div class=\"fenomenoSeccionIntro__title\">\n          <h2>EL AMIGO DEL ALMA<\/h2>        <\/div>\n        <div class=\"fenomenoSeccionIntro__lead\">\n          <p>Messer y Cartes son socios desde los 80s. Un v\u00ednculo muy fruct\u00edfero durante la presidencia de \u00e9ste \u00faltimo, donde Messer us\u00f3 la banca estatal y la de su amigo para mover miles de millones de d\u00f3lares y\u00a0<a href=\"https:\/\/elsurti.com\/es\/chequeo\/2018\/12\/12\/es-posible-que-le-debamos-dinero-a-dario-messer\/\">hasta hizo que hoy le debamos dinero, como lo explicamos en este art\u00edculo.<\/a><\/p>        <\/div>\n    <\/div>\n\n    \t\t<\/div>\n\t\t\t\t<\/div>\n\t\t\t\t\t<\/div>\n\t\t<\/div>\n\t\t\t\t<div class=\"elementor-column elementor-col-50 elementor-inner-column elementor-element elementor-element-0cd20e3\" data-id=\"0cd20e3\" data-element_type=\"column\">\n\t\t\t<div class=\"elementor-widget-wrap elementor-element-populated\">\n\t\t\t\t\t\t<div class=\"elementor-element elementor-element-0d4e667 elementor-widget elementor-widget-image\" data-id=\"0d4e667\" data-element_type=\"widget\" data-widget_type=\"image.default\">\n\t\t\t\t<div class=\"elementor-widget-container\">\n\t\t\t\t\t\t\t\t\t\t\t\t\t<img decoding=\"async\" width=\"768\" height=\"961\" src=\"https:\/\/elsurti.com\/wp-content\/uploads\/2021\/06\/lavanderia-768x961.jpg\" class=\"attachment-medium_large size-medium_large wp-image-21335\" alt=\"\" srcset=\"https:\/\/elsurti.com\/wp-content\/uploads\/2021\/06\/lavanderia-768x961.jpg 768w, https:\/\/elsurti.com\/wp-content\/uploads\/2021\/06\/lavanderia-240x300.jpg 240w, https:\/\/elsurti.com\/wp-content\/uploads\/2021\/06\/lavanderia-818x1024.jpg 818w, https:\/\/elsurti.com\/wp-content\/uploads\/2021\/06\/lavanderia-10x12.jpg 10w, https:\/\/elsurti.com\/wp-content\/uploads\/2021\/06\/lavanderia.jpg 1023w\" sizes=\"(max-width: 768px) 100vw, 768px\" \/>\t\t\t\t\t\t\t\t\t\t\t\t\t<\/div>\n\t\t\t\t<\/div>\n\t\t\t\t\t<\/div>\n\t\t<\/div>\n\t\t\t\t\t<\/div>\n\t\t<\/section>\n\t\t\t\t\t<\/div>\n\t\t<\/div>\n\t\t\t\t\t<\/div>\n\t\t<\/section>\n\t\t\t\t<section data-particle_enable=\"false\" data-particle-mobile-disabled=\"false\" class=\"elementor-section elementor-top-section elementor-element elementor-element-1793b36 elementor-section-boxed elementor-section-height-default elementor-section-height-default\" data-id=\"1793b36\" data-element_type=\"section\" data-settings=\"{&quot;background_background&quot;:&quot;classic&quot;}\">\n\t\t\t\t\t\t<div class=\"elementor-container elementor-column-gap-default\">\n\t\t\t\t\t<div class=\"elementor-column elementor-col-100 elementor-top-column elementor-element elementor-element-f845518\" data-id=\"f845518\" data-element_type=\"column\">\n\t\t\t<div class=\"elementor-widget-wrap elementor-element-populated\">\n\t\t\t\t\t\t<section data-particle_enable=\"false\" data-particle-mobile-disabled=\"false\" class=\"elementor-section elementor-inner-section elementor-element elementor-element-0846e3c elementor-section-boxed elementor-section-height-default elementor-section-height-default\" data-id=\"0846e3c\" data-element_type=\"section\">\n\t\t\t\t\t\t<div class=\"elementor-container elementor-column-gap-default\">\n\t\t\t\t\t<div class=\"elementor-column elementor-col-50 elementor-inner-column elementor-element elementor-element-926b8cc\" data-id=\"926b8cc\" data-element_type=\"column\">\n\t\t\t<div class=\"elementor-widget-wrap elementor-element-populated\">\n\t\t\t\t\t\t<div class=\"elementor-element elementor-element-49a4eda elementor-widget elementor-widget-fenomeno-seccion-intro\" data-id=\"49a4eda\" data-element_type=\"widget\" data-widget_type=\"fenomeno-seccion-intro.default\">\n\t\t\t\t<div class=\"elementor-widget-container\">\n\t\t\t    \n    <div class=\"fenomeno-seccion-intro\">\n        <div class=\"fenomenoSeccionIntro__title\">\n          <h2>C\u00d3MO TE AFECTA A VOS<\/h2>        <\/div>\n        <div class=\"fenomenoSeccionIntro__lead\">\n          <p>Dar\u00edo Messer est\u00e1 preso acusado de lavar miles de millones de d\u00f3lares. Tantos n\u00fameros pueden marear y parecer lejanos. Pero detr\u00e1s de las operaciones financieras, hay un efecto domin\u00f3 que afecta tu vida todos los d\u00edas.<\/p>        <\/div>\n    <\/div>\n\n    \t\t<\/div>\n\t\t\t\t<\/div>\n\t\t\t\t\t<\/div>\n\t\t<\/div>\n\t\t\t\t<div class=\"elementor-column elementor-col-50 elementor-inner-column elementor-element elementor-element-03717db\" data-id=\"03717db\" data-element_type=\"column\">\n\t\t\t<div class=\"elementor-widget-wrap elementor-element-populated\">\n\t\t\t\t\t\t<div class=\"elementor-element elementor-element-fe197b6 elementor-widget elementor-widget-image\" data-id=\"fe197b6\" data-element_type=\"widget\" data-widget_type=\"image.default\">\n\t\t\t\t<div class=\"elementor-widget-container\">\n\t\t\t\t\t\t\t\t\t\t\t\t\t<img decoding=\"async\" width=\"768\" height=\"960\" src=\"https:\/\/elsurti.com\/wp-content\/uploads\/2021\/06\/messer.jpg\" class=\"attachment-medium_large size-medium_large wp-image-21340\" alt=\"\" srcset=\"https:\/\/elsurti.com\/wp-content\/uploads\/2021\/06\/messer.jpg 768w, https:\/\/elsurti.com\/wp-content\/uploads\/2021\/06\/messer-240x300.jpg 240w, https:\/\/elsurti.com\/wp-content\/uploads\/2021\/06\/messer-10x12.jpg 10w\" sizes=\"(max-width: 768px) 100vw, 768px\" \/>\t\t\t\t\t\t\t\t\t\t\t\t\t<\/div>\n\t\t\t\t<\/div>\n\t\t\t\t\t<\/div>\n\t\t<\/div>\n\t\t\t\t\t<\/div>\n\t\t<\/section>\n\t\t\t\t\t<\/div>\n\t\t<\/div>\n\t\t\t\t\t<\/div>\n\t\t<\/section>\n\t\t\t\t<section data-particle_enable=\"false\" data-particle-mobile-disabled=\"false\" class=\"elementor-section elementor-top-section elementor-element elementor-element-8dd4f4d elementor-section-boxed elementor-section-height-default elementor-section-height-default\" data-id=\"8dd4f4d\" data-element_type=\"section\">\n\t\t\t\t\t\t<div class=\"elementor-container elementor-column-gap-default\">\n\t\t\t\t\t<div class=\"elementor-column elementor-col-100 elementor-top-column elementor-element elementor-element-242d22e\" data-id=\"242d22e\" data-element_type=\"column\">\n\t\t\t<div class=\"elementor-widget-wrap elementor-element-populated\">\n\t\t\t\t\t\t<section data-particle_enable=\"false\" data-particle-mobile-disabled=\"false\" class=\"elementor-section elementor-inner-section elementor-element elementor-element-5cb2cde elementor-section-boxed elementor-section-height-default elementor-section-height-default\" data-id=\"5cb2cde\" data-element_type=\"section\">\n\t\t\t\t\t\t<div class=\"elementor-container elementor-column-gap-default\">\n\t\t\t\t\t<div class=\"elementor-column elementor-col-50 elementor-inner-column elementor-element elementor-element-7529be1\" data-id=\"7529be1\" data-element_type=\"column\">\n\t\t\t<div class=\"elementor-widget-wrap elementor-element-populated\">\n\t\t\t\t\t\t<div class=\"elementor-element elementor-element-4b52bac elementor-widget elementor-widget-fenomeno-seccion-intro\" data-id=\"4b52bac\" data-element_type=\"widget\" data-widget_type=\"fenomeno-seccion-intro.default\">\n\t\t\t\t<div class=\"elementor-widget-container\">\n\t\t\t    \n    <div class=\"fenomeno-seccion-intro\">\n        <div class=\"fenomenoSeccionIntro__title\">\n          <h2>DE QU\u00c9 EXACTAMENTE ES ACUSADO CARTES<\/h2>        <\/div>\n        <div class=\"fenomenoSeccionIntro__lead\">\n          <p>\u201cParece que condenan m\u00e1s la amistad que un hecho il\u00edcito espec\u00edfico\u201d dijo Pedro Ovelar, abogado defensor de Horacio Cartes, en conferencia de prensa. Una amistad que incluy\u00f3 un supuesto pr\u00e9stamo de Cartes a Messer que \u00e9ste pueda afrontar el proceso, mientras se encontraba pr\u00f3fugo.<\/p><p><strong>Para el Ministerio P\u00fablico de Brasil, ese pr\u00e9stamo significar\u00eda financiar una organizaci\u00f3n criminal.<\/strong><\/p>        <\/div>\n    <\/div>\n\n    \t\t<\/div>\n\t\t\t\t<\/div>\n\t\t\t\t\t<\/div>\n\t\t<\/div>\n\t\t\t\t<div class=\"elementor-column elementor-col-50 elementor-inner-column elementor-element elementor-element-0861806\" data-id=\"0861806\" data-element_type=\"column\">\n\t\t\t<div class=\"elementor-widget-wrap elementor-element-populated\">\n\t\t\t\t\t\t<div class=\"elementor-element elementor-element-a606e1c elementor-widget elementor-widget-image\" data-id=\"a606e1c\" data-element_type=\"widget\" data-widget_type=\"image.default\">\n\t\t\t\t<div class=\"elementor-widget-container\">\n\t\t\t\t\t\t\t\t\t\t\t\t\t<img loading=\"lazy\" decoding=\"async\" width=\"768\" height=\"960\" src=\"https:\/\/elsurti.com\/wp-content\/uploads\/2021\/06\/508-cartes-768x960.png\" class=\"attachment-medium_large size-medium_large wp-image-21341\" alt=\"\" srcset=\"https:\/\/elsurti.com\/wp-content\/uploads\/2021\/06\/508-cartes-768x960.png 768w, https:\/\/elsurti.com\/wp-content\/uploads\/2021\/06\/508-cartes-240x300.png 240w, https:\/\/elsurti.com\/wp-content\/uploads\/2021\/06\/508-cartes-819x1024.png 819w, https:\/\/elsurti.com\/wp-content\/uploads\/2021\/06\/508-cartes-10x12.png 10w, https:\/\/elsurti.com\/wp-content\/uploads\/2021\/06\/508-cartes.png 1024w\" sizes=\"(max-width: 768px) 100vw, 768px\" \/>\t\t\t\t\t\t\t\t\t\t\t\t\t<\/div>\n\t\t\t\t<\/div>\n\t\t\t\t\t<\/div>\n\t\t<\/div>\n\t\t\t\t\t<\/div>\n\t\t<\/section>\n\t\t\t\t\t<\/div>\n\t\t<\/div>\n\t\t\t\t\t<\/div>\n\t\t<\/section>\n\t\t\t\t<section data-particle_enable=\"false\" data-particle-mobile-disabled=\"false\" class=\"elementor-section elementor-top-section elementor-element elementor-element-67f5d99 elementor-section-boxed elementor-section-height-default elementor-section-height-default\" data-id=\"67f5d99\" data-element_type=\"section\" data-settings=\"{&quot;background_background&quot;:&quot;classic&quot;}\">\n\t\t\t\t\t\t<div class=\"elementor-container elementor-column-gap-default\">\n\t\t\t\t\t<div class=\"elementor-column elementor-col-100 elementor-top-column elementor-element elementor-element-c5f399b\" data-id=\"c5f399b\" data-element_type=\"column\">\n\t\t\t<div class=\"elementor-widget-wrap elementor-element-populated\">\n\t\t\t\t\t\t<section data-particle_enable=\"false\" data-particle-mobile-disabled=\"false\" class=\"elementor-section elementor-inner-section elementor-element elementor-element-32c3bd2 elementor-section-boxed elementor-section-height-default elementor-section-height-default\" data-id=\"32c3bd2\" data-element_type=\"section\">\n\t\t\t\t\t\t<div class=\"elementor-container elementor-column-gap-default\">\n\t\t\t\t\t<div class=\"elementor-column elementor-col-50 elementor-inner-column elementor-element elementor-element-3624d38\" data-id=\"3624d38\" data-element_type=\"column\">\n\t\t\t<div class=\"elementor-widget-wrap elementor-element-populated\">\n\t\t\t\t\t\t<div class=\"elementor-element elementor-element-bb56217 elementor-widget elementor-widget-fenomeno-seccion-intro\" data-id=\"bb56217\" data-element_type=\"widget\" data-widget_type=\"fenomeno-seccion-intro.default\">\n\t\t\t\t<div class=\"elementor-widget-container\">\n\t\t\t    \n    <div class=\"fenomeno-seccion-intro\">\n        <div class=\"fenomenoSeccionIntro__title\">\n          <h2>Y SI ES TAN BUENO POR QU\u00c9 LO QUIEREN PRESO<\/h2>        <\/div>\n        <div class=\"fenomenoSeccionIntro__lead\">\n          <p>El Ministerio P\u00fablico de Brasil dice que meter preso a Cartes es el \u00fanico modo de frenar a la organizaci\u00f3n criminal transnacional de la que Messer, \u201csu amigo del alma\u201d, es parte.<\/p>        <\/div>\n    <\/div>\n\n    \t\t<\/div>\n\t\t\t\t<\/div>\n\t\t\t\t\t<\/div>\n\t\t<\/div>\n\t\t\t\t<div class=\"elementor-column elementor-col-50 elementor-inner-column elementor-element elementor-element-60f86bd\" data-id=\"60f86bd\" data-element_type=\"column\">\n\t\t\t<div class=\"elementor-widget-wrap elementor-element-populated\">\n\t\t\t\t\t\t<div class=\"elementor-element elementor-element-b17462d elementor-widget elementor-widget-image\" data-id=\"b17462d\" data-element_type=\"widget\" data-widget_type=\"image.default\">\n\t\t\t\t<div class=\"elementor-widget-container\">\n\t\t\t\t\t\t\t\t\t\t\t\t\t<img loading=\"lazy\" decoding=\"async\" width=\"768\" height=\"960\" src=\"https:\/\/elsurti.com\/wp-content\/uploads\/2021\/06\/506-cartes-acusado-1-768x960.png\" class=\"attachment-medium_large size-medium_large wp-image-21342\" alt=\"\" srcset=\"https:\/\/elsurti.com\/wp-content\/uploads\/2021\/06\/506-cartes-acusado-1-768x960.png 768w, https:\/\/elsurti.com\/wp-content\/uploads\/2021\/06\/506-cartes-acusado-1-240x300.png 240w, https:\/\/elsurti.com\/wp-content\/uploads\/2021\/06\/506-cartes-acusado-1-819x1024.png 819w, https:\/\/elsurti.com\/wp-content\/uploads\/2021\/06\/506-cartes-acusado-1-1228x1536.png 1228w, https:\/\/elsurti.com\/wp-content\/uploads\/2021\/06\/506-cartes-acusado-1-10x12.png 10w, https:\/\/elsurti.com\/wp-content\/uploads\/2021\/06\/506-cartes-acusado-1.png 1422w\" sizes=\"(max-width: 768px) 100vw, 768px\" \/>\t\t\t\t\t\t\t\t\t\t\t\t\t<\/div>\n\t\t\t\t<\/div>\n\t\t\t\t\t<\/div>\n\t\t<\/div>\n\t\t\t\t\t<\/div>\n\t\t<\/section>\n\t\t\t\t\t<\/div>\n\t\t<\/div>\n\t\t\t\t\t<\/div>\n\t\t<\/section>\n\t\t\t\t<\/div>","protected":false},"excerpt":{"rendered":"<p>#LaPrecisa 5 puntos para entender la orden de captura a Cartes \u00abPatr\u00e3o:&nbsp;Desculpa te incomodar nessa hora, mas a situa\u00e7\u00e3o em que me encontro est\u00e1 muito complicada\u00bb. As\u00ed empieza la carta publicada por el Ministerio P\u00fablico de Brasil el 19 de noviembre de 2019 que Dario Messer envi\u00f3 a Horacio Cartes mientras estaba pr\u00f3fugo de la [&hellip;]<\/p>\n","protected":false},"author":1,"featured_media":0,"parent":0,"menu_order":0,"comment_status":"closed","ping_status":"closed","template":"","meta":{"_acf_changed":false,"pmpro_default_level":"","footnotes":""},"categories":[],"tags":[126],"fenomeno":[167],"tema":[156],"legacy_site":[],"class_list":["post-21324","page","type-page","status-publish","hentry","tag-especial","fenomeno-laprecisa","tema-escuelasquecaen","pmpro-has-access"],"acf":[],"_links":{"self":[{"href":"https:\/\/elsurti.com\/pt\/wp-json\/wp\/v2\/pages\/21324","targetHints":{"allow":["GET"]}}],"collection":[{"href":"https:\/\/elsurti.com\/pt\/wp-json\/wp\/v2\/pages"}],"about":[{"href":"https:\/\/elsurti.com\/pt\/wp-json\/wp\/v2\/types\/page"}],"author":[{"embeddable":true,"href":"https:\/\/elsurti.com\/pt\/wp-json\/wp\/v2\/users\/1"}],"replies":[{"embeddable":true,"href":"https:\/\/elsurti.com\/pt\/wp-json\/wp\/v2\/comments?post=21324"}],"version-history":[{"count":14,"href":"https:\/\/elsurti.com\/pt\/wp-json\/wp\/v2\/pages\/21324\/revisions"}],"predecessor-version":[{"id":21346,"href":"https:\/\/elsurti.com\/pt\/wp-json\/wp\/v2\/pages\/21324\/revisions\/21346"}],"wp:attachment":[{"href":"https:\/\/elsurti.com\/pt\/wp-json\/wp\/v2\/media?parent=21324"}],"wp:term":[{"taxonomy":"category","embeddable":true,"href":"https:\/\/elsurti.com\/pt\/wp-json\/wp\/v2\/categories?post=21324"},{"taxonomy":"post_tag","embeddable":true,"href":"https:\/\/elsurti.com\/pt\/wp-json\/wp\/v2\/tags?post=21324"},{"taxonomy":"fenomeno","embeddable":true,"href":"https:\/\/elsurti.com\/pt\/wp-json\/wp\/v2\/fenomeno?post=21324"},{"taxonomy":"tema","embeddable":true,"href":"https:\/\/elsurti.com\/pt\/wp-json\/wp\/v2\/tema?post=21324"},{"taxonomy":"legacy_site","embeddable":true,"href":"https:\/\/elsurti.com\/pt\/wp-json\/wp\/v2\/legacy_site?post=21324"}],"curies":[{"name":"wp","href":"https:\/\/api.w.org\/{rel}","templated":true}]}}