{"id":60097,"date":"2018-11-02T14:31:00","date_gmt":"2018-11-02T18:31:00","guid":{"rendered":"https:\/\/elsurti.com\/?page_id=60097"},"modified":"2022-10-20T13:15:12","modified_gmt":"2022-10-20T17:15:12","slug":"latamrecicla","status":"publish","type":"page","link":"https:\/\/elsurti.com\/pt\/latamrecicla\/","title":{"rendered":"El recorrido de los residuos en Latinoam\u00e9rica"},"content":{"rendered":"<div data-elementor-type=\"wp-page\" data-elementor-id=\"60097\" class=\"elementor elementor-60097\" data-elementor-post-type=\"page\">\n\t\t\t\t\t\t<section data-particle_enable=\"false\" data-particle-mobile-disabled=\"false\" class=\"elementor-section elementor-top-section elementor-element elementor-element-dc1996e elementor-section-boxed elementor-section-height-default elementor-section-height-default\" data-id=\"dc1996e\" data-element_type=\"section\">\n\t\t\t\t\t\t<div class=\"elementor-container elementor-column-gap-default\">\n\t\t\t\t\t<div class=\"elementor-column elementor-col-100 elementor-top-column elementor-element elementor-element-bb46831\" data-id=\"bb46831\" data-element_type=\"column\">\n\t\t\t<div class=\"elementor-widget-wrap elementor-element-populated\">\n\t\t\t\t\t\t<div class=\"elementor-element elementor-element-3bcb08b elementor-align-center elementor-mobile-align-center elementor-widget elementor-widget-button\" data-id=\"3bcb08b\" data-element_type=\"widget\" data-widget_type=\"button.default\">\n\t\t\t\t<div class=\"elementor-widget-container\">\n\t\t\t\t\t\t\t<div class=\"elementor-button-wrapper\">\n\t\t\t\t\t<a class=\"elementor-button elementor-button-link elementor-size-xs\" href=\"https:\/\/elsurti.com\/pt\/futuros\/\">\n\t\t\t\t\t\t<span class=\"elementor-button-content-wrapper\">\n\t\t\t\t\t\t\t\t\t<span class=\"elementor-button-text\">Futuros<\/span>\n\t\t\t\t\t<\/span>\n\t\t\t\t\t<\/a>\n\t\t\t\t<\/div>\n\t\t\t\t\t\t<\/div>\n\t\t\t\t<\/div>\n\t\t\t\t<div class=\"elementor-element elementor-element-f98b02f elementor-widget elementor-widget-heading\" data-id=\"f98b02f\" data-element_type=\"widget\" data-widget_type=\"heading.default\">\n\t\t\t\t<div class=\"elementor-widget-container\">\n\t\t\t<h2 class=\"elementor-heading-title elementor-size-default\">El recorrido de los residuos en Latinoam\u00e9rica<\/h2>\t\t<\/div>\n\t\t\t\t<\/div>\n\t\t\t\t<div class=\"elementor-element elementor-element-0371b98 elementor-widget elementor-widget-text-editor\" data-id=\"0371b98\" data-element_type=\"widget\" data-widget_type=\"text-editor.default\">\n\t\t\t\t<div class=\"elementor-widget-container\">\n\t\t\t\t\t\t\t<p>El tacho de basura es solo el inicio de un viaje que afecta miles de vidas y el medio ambiente<\/p>\t\t\t\t\t\t<\/div>\n\t\t\t\t<\/div>\n\t\t\t\t<div class=\"elementor-element elementor-element-3c63a98 elementor-widget elementor-widget-text-editor\" data-id=\"3c63a98\" data-element_type=\"widget\" data-widget_type=\"text-editor.default\">\n\t\t\t\t<div class=\"elementor-widget-container\">\n\t\t\t\t\t\t\t<p style=\"text-align: center;\">\u00a002\u00b711\u00b718<\/p>\t\t\t\t\t\t<\/div>\n\t\t\t\t<\/div>\n\t\t\t\t\t<\/div>\n\t\t<\/div>\n\t\t\t\t\t<\/div>\n\t\t<\/section>\n\t\t\t\t<section data-particle_enable=\"false\" data-particle-mobile-disabled=\"false\" class=\"elementor-section elementor-top-section elementor-element elementor-element-9b0b6f1 elementor-section-full_width elementor-section-height-default elementor-section-height-default\" data-id=\"9b0b6f1\" data-element_type=\"section\" data-settings=\"{&quot;background_background&quot;:&quot;classic&quot;}\">\n\t\t\t\t\t\t<div class=\"elementor-container elementor-column-gap-default\">\n\t\t\t\t\t<div class=\"elementor-column elementor-col-100 elementor-top-column elementor-element elementor-element-832a00b\" data-id=\"832a00b\" data-element_type=\"column\">\n\t\t\t<div class=\"elementor-widget-wrap elementor-element-populated\">\n\t\t\t\t\t\t<section data-particle_enable=\"false\" data-particle-mobile-disabled=\"false\" class=\"elementor-section elementor-inner-section elementor-element elementor-element-820a49f elementor-reverse-tablet elementor-reverse-mobile elementor-section-boxed elementor-section-height-default elementor-section-height-default\" data-id=\"820a49f\" data-element_type=\"section\">\n\t\t\t\t\t\t<div class=\"elementor-container elementor-column-gap-default\">\n\t\t\t\t\t<div class=\"elementor-column elementor-col-50 elementor-inner-column elementor-element elementor-element-b70a374 fenomeno-destacado-body\" data-id=\"b70a374\" data-element_type=\"column\">\n\t\t\t<div class=\"elementor-widget-wrap elementor-element-populated\">\n\t\t\t\t\t\t<div class=\"elementor-element elementor-element-6eb54eb elementor-widget elementor-widget-heading\" data-id=\"6eb54eb\" data-element_type=\"widget\" data-widget_type=\"heading.default\">\n\t\t\t\t<div class=\"elementor-widget-container\">\n\t\t\t<h2 class=\"elementor-heading-title elementor-size-default\"><a href=\"https:\/\/elsurti.com\/pt\/scroll-animado\/2018\/11\/02\/el-fascinante-recorrido-de-la-basura-en-latinoamerica\/\">El fascinante recorrido de la basura en Latinoam\u00e9rica<\/a><\/h2>\t\t<\/div>\n\t\t\t\t<\/div>\n\t\t\t\t<div class=\"elementor-element elementor-element-292ac7e elementor-widget elementor-widget-text-editor\" data-id=\"292ac7e\" data-element_type=\"widget\" data-widget_type=\"text-editor.default\">\n\t\t\t\t<div class=\"elementor-widget-container\">\n\t\t\t\t\t\t\t<p>\u00bfQu\u00e9 pasa con la basura cuando la sacamos de nuestra casa? La basura que desaparece de nuestras vidas se mete en la de otras personas. Nada se pierde. Todo se transforma.<\/p>\t\t\t\t\t\t<\/div>\n\t\t\t\t<\/div>\n\t\t\t\t<div class=\"elementor-element elementor-element-3283aee elementor-widget elementor-widget-text-editor\" data-id=\"3283aee\" data-element_type=\"widget\" data-widget_type=\"text-editor.default\">\n\t\t\t\t<div class=\"elementor-widget-container\">\n\t\t\t\t\t\t\t<p>Reportaje Jazm\u00edn Acu\u00f1a<br \/>Edici\u00f3n Juan Heilborn<br \/>Ilustraci\u00f3n Robert B\u00e1ez<br \/>02\u00b711\u00b72018<\/p>\t\t\t\t\t\t<\/div>\n\t\t\t\t<\/div>\n\t\t\t\t\t<\/div>\n\t\t<\/div>\n\t\t\t\t<div class=\"elementor-column elementor-col-50 elementor-inner-column elementor-element elementor-element-aec6b36\" data-id=\"aec6b36\" data-element_type=\"column\">\n\t\t\t<div class=\"elementor-widget-wrap elementor-element-populated\">\n\t\t\t\t\t\t<div class=\"elementor-element elementor-element-b1f2f45 elementor-widget elementor-widget-image\" data-id=\"b1f2f45\" data-element_type=\"widget\" data-widget_type=\"image.default\">\n\t\t\t\t<div class=\"elementor-widget-container\">\n\t\t\t\t\t\t\t\t\t\t\t\t\t\t<a href=\"https:\/\/elsurti.com\/pt\/scroll-animado\/2018\/11\/02\/el-fascinante-recorrido-de-la-basura-en-latinoamerica\/\">\n\t\t\t\t\t\t\t<img fetchpriority=\"high\" decoding=\"async\" width=\"768\" height=\"428\" src=\"https:\/\/elsurti.com\/wp-content\/uploads\/2018\/11\/Meta_Mesa-de-trabajo-1-768x428.jpg\" class=\"attachment-medium_large size-medium_large wp-image-60071\" alt=\"\" srcset=\"https:\/\/elsurti.com\/wp-content\/uploads\/2018\/11\/Meta_Mesa-de-trabajo-1-768x428.jpg 768w, https:\/\/elsurti.com\/wp-content\/uploads\/2018\/11\/Meta_Mesa-de-trabajo-1-300x167.jpg 300w, https:\/\/elsurti.com\/wp-content\/uploads\/2018\/11\/Meta_Mesa-de-trabajo-1-18x10.jpg 18w, https:\/\/elsurti.com\/wp-content\/uploads\/2018\/11\/Meta_Mesa-de-trabajo-1.jpg 851w\" sizes=\"(max-width: 768px) 100vw, 768px\" \/>\t\t\t\t\t\t\t\t<\/a>\n\t\t\t\t\t\t\t\t\t\t\t\t\t<\/div>\n\t\t\t\t<\/div>\n\t\t\t\t\t<\/div>\n\t\t<\/div>\n\t\t\t\t\t<\/div>\n\t\t<\/section>\n\t\t\t\t<section data-particle_enable=\"false\" data-particle-mobile-disabled=\"false\" class=\"elementor-section elementor-inner-section elementor-element elementor-element-03230bb elementor-reverse-tablet elementor-reverse-mobile elementor-section-boxed elementor-section-height-default elementor-section-height-default\" data-id=\"03230bb\" data-element_type=\"section\">\n\t\t\t\t\t\t<div class=\"elementor-container elementor-column-gap-default\">\n\t\t\t\t\t<div class=\"elementor-column elementor-col-50 elementor-inner-column elementor-element elementor-element-a756928 fenomeno-destacado-body\" data-id=\"a756928\" data-element_type=\"column\">\n\t\t\t<div class=\"elementor-widget-wrap elementor-element-populated\">\n\t\t\t\t\t\t<div class=\"elementor-element elementor-element-25622d0 elementor-widget elementor-widget-heading\" data-id=\"25622d0\" data-element_type=\"widget\" data-widget_type=\"heading.default\">\n\t\t\t\t<div class=\"elementor-widget-container\">\n\t\t\t<h2 class=\"elementor-heading-title elementor-size-default\"><a href=\"https:\/\/elsurti.com\/pt\/scroll-animado\/2019\/02\/14\/la-vida-y-la-muerte-entre-objetos-que-ya-nadie-quiere\/\">La vida y la muerte entre objetos que ya nadie quiere<\/a><\/h2>\t\t<\/div>\n\t\t\t\t<\/div>\n\t\t\t\t<div class=\"elementor-element elementor-element-0304cf0 elementor-widget elementor-widget-text-editor\" data-id=\"0304cf0\" data-element_type=\"widget\" data-widget_type=\"text-editor.default\">\n\t\t\t\t<div class=\"elementor-widget-container\">\n\t\t\t\t\t\t\t<p>Zona 3 de Guatemala, o c\u00f3mo algunos vertederos a cielo abierto son centros de la contaminaci\u00f3n, violencia y muerte en Latinoam\u00e9rica<\/p>\t\t\t\t\t\t<\/div>\n\t\t\t\t<\/div>\n\t\t\t\t<div class=\"elementor-element elementor-element-eb73739 elementor-widget elementor-widget-text-editor\" data-id=\"eb73739\" data-element_type=\"widget\" data-widget_type=\"text-editor.default\">\n\t\t\t\t<div class=\"elementor-widget-container\">\n\t\t\t\t\t\t\t<p>Reportaje Maximiliano Manzoni &amp; Carolina Gamazo<br \/>Edici\u00f3n Jazm\u00edn Acu\u00f1a &amp; Juan Heilborn<br \/>Ilustraci\u00f3n Robert B\u00e1ez<br \/><span class=\"post-meta-date\">14\u00b702\u00b719<\/span><\/p>\t\t\t\t\t\t<\/div>\n\t\t\t\t<\/div>\n\t\t\t\t\t<\/div>\n\t\t<\/div>\n\t\t\t\t<div class=\"elementor-column elementor-col-50 elementor-inner-column elementor-element elementor-element-2e7ff38\" data-id=\"2e7ff38\" data-element_type=\"column\">\n\t\t\t<div class=\"elementor-widget-wrap elementor-element-populated\">\n\t\t\t\t\t\t<div class=\"elementor-element elementor-element-14c003a elementor-widget elementor-widget-image\" data-id=\"14c003a\" data-element_type=\"widget\" data-widget_type=\"image.default\">\n\t\t\t\t<div class=\"elementor-widget-container\">\n\t\t\t\t\t\t\t\t\t\t\t\t\t\t<a href=\"https:\/\/elsurti.com\/pt\/scroll-animado\/2019\/02\/14\/la-vida-y-la-muerte-entre-objetos-que-ya-nadie-quiere\/\">\n\t\t\t\t\t\t\t<img decoding=\"async\" width=\"768\" height=\"427\" src=\"https:\/\/elsurti.com\/wp-content\/uploads\/2019\/02\/meta-768x427.jpg\" class=\"attachment-medium_large size-medium_large wp-image-60086\" alt=\"\" srcset=\"https:\/\/elsurti.com\/wp-content\/uploads\/2019\/02\/meta-768x427.jpg 768w, https:\/\/elsurti.com\/wp-content\/uploads\/2019\/02\/meta-300x167.jpg 300w, https:\/\/elsurti.com\/wp-content\/uploads\/2019\/02\/meta-18x10.jpg 18w, https:\/\/elsurti.com\/wp-content\/uploads\/2019\/02\/meta.jpg 850w\" sizes=\"(max-width: 768px) 100vw, 768px\" \/>\t\t\t\t\t\t\t\t<\/a>\n\t\t\t\t\t\t\t\t\t\t\t\t\t<\/div>\n\t\t\t\t<\/div>\n\t\t\t\t\t<\/div>\n\t\t<\/div>\n\t\t\t\t\t<\/div>\n\t\t<\/section>\n\t\t\t\t<section data-particle_enable=\"false\" data-particle-mobile-disabled=\"false\" class=\"elementor-section elementor-inner-section elementor-element elementor-element-24d0c1f elementor-reverse-tablet elementor-reverse-mobile elementor-section-boxed elementor-section-height-default elementor-section-height-default\" data-id=\"24d0c1f\" data-element_type=\"section\">\n\t\t\t\t\t\t<div class=\"elementor-container elementor-column-gap-default\">\n\t\t\t\t\t<div class=\"elementor-column elementor-col-50 elementor-inner-column elementor-element elementor-element-4a305b2 fenomeno-destacado-body\" data-id=\"4a305b2\" data-element_type=\"column\">\n\t\t\t<div class=\"elementor-widget-wrap elementor-element-populated\">\n\t\t\t\t\t\t<div class=\"elementor-element elementor-element-916907f elementor-widget elementor-widget-heading\" data-id=\"916907f\" data-element_type=\"widget\" data-widget_type=\"heading.default\">\n\t\t\t\t<div class=\"elementor-widget-container\">\n\t\t\t<h2 class=\"elementor-heading-title elementor-size-default\"><a href=\"https:\/\/elsurti.com\/pt\/scroll-animado\/2019\/04\/02\/de-la-isla-de-plastico-a-nuestros-platos\/\">De la isla de pl\u00e1stico a nuestros platos<\/a><\/h2>\t\t<\/div>\n\t\t\t\t<\/div>\n\t\t\t\t<div class=\"elementor-element elementor-element-8a7b80a elementor-widget elementor-widget-text-editor\" data-id=\"8a7b80a\" data-element_type=\"widget\" data-widget_type=\"text-editor.default\">\n\t\t\t\t<div class=\"elementor-widget-container\">\n\t\t\t\t\t\t\t<p>Los pl\u00e1sticos de la gigantesca isla de basura que flota en el Oc\u00e9ano Pac\u00edfico aumentan a gran velocidad. La salud humana estar\u00eda en riesgo.<\/p>\t\t\t\t\t\t<\/div>\n\t\t\t\t<\/div>\n\t\t\t\t<div class=\"elementor-element elementor-element-641a5cf elementor-widget elementor-widget-text-editor\" data-id=\"641a5cf\" data-element_type=\"widget\" data-widget_type=\"text-editor.default\">\n\t\t\t\t<div class=\"elementor-widget-container\">\n\t\t\t\t\t\t\t<p>Reportaje Juliana Quintana<br \/>Edici\u00f3n Jazm\u00edn Acu\u00f1a &amp; Juan Heilborn<br \/>Ilustraci\u00f3n Robert B\u00e1ez<br \/>02\u00b704\u00b719<\/p>\t\t\t\t\t\t<\/div>\n\t\t\t\t<\/div>\n\t\t\t\t\t<\/div>\n\t\t<\/div>\n\t\t\t\t<div class=\"elementor-column elementor-col-50 elementor-inner-column elementor-element elementor-element-d2b99a7\" data-id=\"d2b99a7\" data-element_type=\"column\">\n\t\t\t<div class=\"elementor-widget-wrap elementor-element-populated\">\n\t\t\t\t\t\t<div class=\"elementor-element elementor-element-3a26f11 elementor-widget elementor-widget-image\" data-id=\"3a26f11\" data-element_type=\"widget\" data-widget_type=\"image.default\">\n\t\t\t\t<div class=\"elementor-widget-container\">\n\t\t\t\t\t\t\t\t\t\t\t\t\t\t<a href=\"https:\/\/elsurti.com\/pt\/scroll-animado\/2019\/04\/02\/de-la-isla-de-plastico-a-nuestros-platos\/\">\n\t\t\t\t\t\t\t<img decoding=\"async\" width=\"768\" height=\"427\" src=\"https:\/\/elsurti.com\/wp-content\/uploads\/2019\/04\/meta-1-768x427.jpg\" class=\"attachment-medium_large size-medium_large wp-image-60092\" alt=\"\" srcset=\"https:\/\/elsurti.com\/wp-content\/uploads\/2019\/04\/meta-1-768x427.jpg 768w, https:\/\/elsurti.com\/wp-content\/uploads\/2019\/04\/meta-1-300x167.jpg 300w, https:\/\/elsurti.com\/wp-content\/uploads\/2019\/04\/meta-1-18x10.jpg 18w, https:\/\/elsurti.com\/wp-content\/uploads\/2019\/04\/meta-1.jpg 850w\" sizes=\"(max-width: 768px) 100vw, 768px\" \/>\t\t\t\t\t\t\t\t<\/a>\n\t\t\t\t\t\t\t\t\t\t\t\t\t<\/div>\n\t\t\t\t<\/div>\n\t\t\t\t\t<\/div>\n\t\t<\/div>\n\t\t\t\t\t<\/div>\n\t\t<\/section>\n\t\t\t\t<section data-particle_enable=\"false\" data-particle-mobile-disabled=\"false\" class=\"elementor-section elementor-inner-section elementor-element elementor-element-aa3b52c elementor-reverse-tablet elementor-reverse-mobile elementor-section-boxed elementor-section-height-default elementor-section-height-default\" data-id=\"aa3b52c\" data-element_type=\"section\">\n\t\t\t\t\t\t<div class=\"elementor-container elementor-column-gap-default\">\n\t\t\t\t\t<div class=\"elementor-column elementor-col-50 elementor-inner-column elementor-element elementor-element-b6fc62a fenomeno-destacado-body\" data-id=\"b6fc62a\" data-element_type=\"column\">\n\t\t\t<div class=\"elementor-widget-wrap elementor-element-populated\">\n\t\t\t\t\t\t<div class=\"elementor-element elementor-element-4b74eea elementor-widget elementor-widget-heading\" data-id=\"4b74eea\" data-element_type=\"widget\" data-widget_type=\"heading.default\">\n\t\t\t\t<div class=\"elementor-widget-container\">\n\t\t\t<h2 class=\"elementor-heading-title elementor-size-default\"><a href=\"https:\/\/elsurti.com\/pt\/scroll-animado\/2019\/07\/02\/la-segunda-vida-de-la-basura-electronica\/\">La segunda vida de la basura electr\u00f3nica<\/a><\/h2>\t\t<\/div>\n\t\t\t\t<\/div>\n\t\t\t\t<div class=\"elementor-element elementor-element-9ecbea6 elementor-widget elementor-widget-text-editor\" data-id=\"9ecbea6\" data-element_type=\"widget\" data-widget_type=\"text-editor.default\">\n\t\t\t\t<div class=\"elementor-widget-container\">\n\t\t\t\t\t\t\t<p>La cantidad de celulares, computadoras y electrodom\u00e9sticos que desechamos cada a\u00f1o en el mundo equivale al peso de nueve Grandes Pir\u00e1mides de Guiza, en Egipto.<\/p>\t\t\t\t\t\t<\/div>\n\t\t\t\t<\/div>\n\t\t\t\t<div class=\"elementor-element elementor-element-f7205b4 elementor-widget elementor-widget-text-editor\" data-id=\"f7205b4\" data-element_type=\"widget\" data-widget_type=\"text-editor.default\">\n\t\t\t\t<div class=\"elementor-widget-container\">\n\t\t\t\t\t\t\t<p>Reportaje Juliana Quintana<br \/>Edici\u00f3n Jazm\u00edn Acu\u00f1a &amp; Juan Heilborn<br \/>Ilustraci\u00f3n Robert B\u00e1ez<br \/><span class=\"post-meta-date\">02\u00b707\u00b719<\/span><\/p>\t\t\t\t\t\t<\/div>\n\t\t\t\t<\/div>\n\t\t\t\t\t<\/div>\n\t\t<\/div>\n\t\t\t\t<div class=\"elementor-column elementor-col-50 elementor-inner-column elementor-element elementor-element-6325be1\" data-id=\"6325be1\" data-element_type=\"column\">\n\t\t\t<div class=\"elementor-widget-wrap elementor-element-populated\">\n\t\t\t\t\t\t<div class=\"elementor-element elementor-element-fc1978d elementor-widget elementor-widget-image\" data-id=\"fc1978d\" data-element_type=\"widget\" data-widget_type=\"image.default\">\n\t\t\t\t<div class=\"elementor-widget-container\">\n\t\t\t\t\t\t\t\t\t\t\t\t\t\t<a href=\"https:\/\/elsurti.com\/pt\/scroll-animado\/2019\/07\/02\/la-segunda-vida-de-la-basura-electronica\/\">\n\t\t\t\t\t\t\t<img loading=\"lazy\" decoding=\"async\" width=\"768\" height=\"428\" src=\"https:\/\/elsurti.com\/wp-content\/uploads\/2019\/07\/Meta_Mesa-de-trabajo-1-2-768x428.jpg\" class=\"attachment-medium_large size-medium_large wp-image-60081\" alt=\"\" srcset=\"https:\/\/elsurti.com\/wp-content\/uploads\/2019\/07\/Meta_Mesa-de-trabajo-1-2-768x428.jpg 768w, https:\/\/elsurti.com\/wp-content\/uploads\/2019\/07\/Meta_Mesa-de-trabajo-1-2-300x167.jpg 300w, https:\/\/elsurti.com\/wp-content\/uploads\/2019\/07\/Meta_Mesa-de-trabajo-1-2-18x10.jpg 18w, https:\/\/elsurti.com\/wp-content\/uploads\/2019\/07\/Meta_Mesa-de-trabajo-1-2.jpg 851w\" sizes=\"(max-width: 768px) 100vw, 768px\" \/>\t\t\t\t\t\t\t\t<\/a>\n\t\t\t\t\t\t\t\t\t\t\t\t\t<\/div>\n\t\t\t\t<\/div>\n\t\t\t\t\t<\/div>\n\t\t<\/div>\n\t\t\t\t\t<\/div>\n\t\t<\/section>\n\t\t\t\t<section data-particle_enable=\"false\" data-particle-mobile-disabled=\"false\" class=\"elementor-section elementor-inner-section elementor-element elementor-element-a824bfe elementor-reverse-tablet elementor-reverse-mobile elementor-section-boxed elementor-section-height-default elementor-section-height-default\" data-id=\"a824bfe\" data-element_type=\"section\">\n\t\t\t\t\t\t<div class=\"elementor-container elementor-column-gap-default\">\n\t\t\t\t\t<div class=\"elementor-column elementor-col-50 elementor-inner-column elementor-element elementor-element-66f8c8b fenomeno-destacado-body\" data-id=\"66f8c8b\" data-element_type=\"column\">\n\t\t\t<div class=\"elementor-widget-wrap elementor-element-populated\">\n\t\t\t\t\t\t<div class=\"elementor-element elementor-element-182ee5a elementor-widget elementor-widget-heading\" data-id=\"182ee5a\" data-element_type=\"widget\" data-widget_type=\"heading.default\">\n\t\t\t\t<div class=\"elementor-widget-container\">\n\t\t\t<h2 class=\"elementor-heading-title elementor-size-default\"><a href=\"https:\/\/elsurti.com\/pt\/scroll-animado\/2019\/07\/16\/el-reciclaje-que-mueve-la-economia\/\">El reciclaje que mueve la econom\u00eda<\/a><\/h2>\t\t<\/div>\n\t\t\t\t<\/div>\n\t\t\t\t<div class=\"elementor-element elementor-element-f6728d1 elementor-widget elementor-widget-text-editor\" data-id=\"f6728d1\" data-element_type=\"widget\" data-widget_type=\"text-editor.default\">\n\t\t\t\t<div class=\"elementor-widget-container\">\n\t\t\t\t\t\t\t<p>Recicladores y recicladoras se han convertido en uno de los motores de la econom\u00eda circular en Latinoam\u00e9rica<\/p>\t\t\t\t\t\t<\/div>\n\t\t\t\t<\/div>\n\t\t\t\t<div class=\"elementor-element elementor-element-7f39cf2 elementor-widget elementor-widget-text-editor\" data-id=\"7f39cf2\" data-element_type=\"widget\" data-widget_type=\"text-editor.default\">\n\t\t\t\t<div class=\"elementor-widget-container\">\n\t\t\t\t\t\t\t<p>Reportaje Juliana Quintana<br \/>Edici\u00f3n Jazm\u00edn Acu\u00f1a &amp; Juan Heilborn<br \/>Ilustraci\u00f3n Robert B\u00e1ez<br \/>16\u00b707\u00b719<\/p>\t\t\t\t\t\t<\/div>\n\t\t\t\t<\/div>\n\t\t\t\t\t<\/div>\n\t\t<\/div>\n\t\t\t\t<div class=\"elementor-column elementor-col-50 elementor-inner-column elementor-element elementor-element-f6aa52f\" data-id=\"f6aa52f\" data-element_type=\"column\">\n\t\t\t<div class=\"elementor-widget-wrap elementor-element-populated\">\n\t\t\t\t\t\t<div class=\"elementor-element elementor-element-66d5ddd elementor-widget elementor-widget-image\" data-id=\"66d5ddd\" data-element_type=\"widget\" data-widget_type=\"image.default\">\n\t\t\t\t<div class=\"elementor-widget-container\">\n\t\t\t\t\t\t\t\t\t\t\t\t\t\t<a href=\"https:\/\/elsurti.com\/pt\/scroll-animado\/2019\/07\/16\/el-reciclaje-que-mueve-la-economia\/\">\n\t\t\t\t\t\t\t<img loading=\"lazy\" decoding=\"async\" width=\"768\" height=\"428\" src=\"https:\/\/elsurti.com\/wp-content\/uploads\/2019\/07\/Meta_Mesa-de-trabajo-1-1-768x428.jpg\" class=\"attachment-medium_large size-medium_large wp-image-60078\" alt=\"\" srcset=\"https:\/\/elsurti.com\/wp-content\/uploads\/2019\/07\/Meta_Mesa-de-trabajo-1-1-768x428.jpg 768w, https:\/\/elsurti.com\/wp-content\/uploads\/2019\/07\/Meta_Mesa-de-trabajo-1-1-300x167.jpg 300w, https:\/\/elsurti.com\/wp-content\/uploads\/2019\/07\/Meta_Mesa-de-trabajo-1-1-18x10.jpg 18w, https:\/\/elsurti.com\/wp-content\/uploads\/2019\/07\/Meta_Mesa-de-trabajo-1-1.jpg 851w\" sizes=\"(max-width: 768px) 100vw, 768px\" \/>\t\t\t\t\t\t\t\t<\/a>\n\t\t\t\t\t\t\t\t\t\t\t\t\t<\/div>\n\t\t\t\t<\/div>\n\t\t\t\t\t<\/div>\n\t\t<\/div>\n\t\t\t\t\t<\/div>\n\t\t<\/section>\n\t\t\t\t\t<\/div>\n\t\t<\/div>\n\t\t\t\t\t<\/div>\n\t\t<\/section>\n\t\t\t\t<section data-particle_enable=\"false\" data-particle-mobile-disabled=\"false\" class=\"elementor-section elementor-top-section elementor-element elementor-element-3f76b83 elementor-section-boxed elementor-section-height-default elementor-section-height-default\" data-id=\"3f76b83\" data-element_type=\"section\" data-settings=\"{&quot;background_background&quot;:&quot;classic&quot;}\">\n\t\t\t\t\t\t<div class=\"elementor-container elementor-column-gap-default\">\n\t\t\t\t\t<div class=\"elementor-column elementor-col-100 elementor-top-column elementor-element elementor-element-9a78e2d\" data-id=\"9a78e2d\" data-element_type=\"column\">\n\t\t\t<div class=\"elementor-widget-wrap elementor-element-populated\">\n\t\t\t\t\t\t<div class=\"elementor-element elementor-element-75645da elementor-widget elementor-widget-text-editor\" data-id=\"75645da\" data-element_type=\"widget\" data-widget_type=\"text-editor.default\">\n\t\t\t\t<div class=\"elementor-widget-container\">\n\t\t\t\t\t\t\t<p><strong>Reportajes:<\/strong>\u00a0Jazm\u00edn Acu\u00f1a, Juliana Quintana, Maximiliano Manzoni &amp; Carolina Gamazo \u00b7 <strong>Edici\u00f3n:<\/strong>\u00a0Jazm\u00edn Acu\u00f1a &amp; Juan Heilborn \u00b7\u00a0<strong>Dise\u00f1o e ilustraci\u00f3n:<\/strong>\u00a0Robert B\u00e1ez \u00b7\u00a0<strong>Desarrollo tech:\u00a0<\/strong>Eduardo Ayala \u00b7\u00a0<strong>Direcci\u00f3n:<\/strong>\u00a0Alejandro Valdez Sanabria<\/p>\t\t\t\t\t\t<\/div>\n\t\t\t\t<\/div>\n\t\t\t\t\t<\/div>\n\t\t<\/div>\n\t\t\t\t\t<\/div>\n\t\t<\/section>\n\t\t\t\t<\/div>","protected":false},"excerpt":{"rendered":"<p>Futuros El recorrido de los residuos en Latinoam\u00e9rica El tacho de basura es solo el inicio de un viaje que afecta miles de vidas y el medio ambiente &nbsp;02\u00b711\u00b718 El fascinante recorrido de la basura en Latinoam\u00e9rica \u00bfQu\u00e9 pasa con la basura cuando la sacamos de nuestra casa? La basura que desaparece de nuestras vidas [&hellip;]<\/p>\n","protected":false},"author":7,"featured_media":60099,"parent":0,"menu_order":0,"comment_status":"closed","ping_status":"closed","template":"","meta":{"_acf_changed":false,"pmpro_default_level":"","footnotes":""},"categories":[],"tags":[],"fenomeno":[],"tema":[],"legacy_site":[],"class_list":["post-60097","page","type-page","status-publish","has-post-thumbnail","hentry","pmpro-has-access"],"acf":[],"_links":{"self":[{"href":"https:\/\/elsurti.com\/pt\/wp-json\/wp\/v2\/pages\/60097","targetHints":{"allow":["GET"]}}],"collection":[{"href":"https:\/\/elsurti.com\/pt\/wp-json\/wp\/v2\/pages"}],"about":[{"href":"https:\/\/elsurti.com\/pt\/wp-json\/wp\/v2\/types\/page"}],"author":[{"embeddable":true,"href":"https:\/\/elsurti.com\/pt\/wp-json\/wp\/v2\/users\/7"}],"replies":[{"embeddable":true,"href":"https:\/\/elsurti.com\/pt\/wp-json\/wp\/v2\/comments?post=60097"}],"version-history":[{"count":6,"href":"https:\/\/elsurti.com\/pt\/wp-json\/wp\/v2\/pages\/60097\/revisions"}],"predecessor-version":[{"id":60105,"href":"https:\/\/elsurti.com\/pt\/wp-json\/wp\/v2\/pages\/60097\/revisions\/60105"}],"wp:featuredmedia":[{"embeddable":true,"href":"https:\/\/elsurti.com\/pt\/wp-json\/wp\/v2\/media\/60099"}],"wp:attachment":[{"href":"https:\/\/elsurti.com\/pt\/wp-json\/wp\/v2\/media?parent=60097"}],"wp:term":[{"taxonomy":"category","embeddable":true,"href":"https:\/\/elsurti.com\/pt\/wp-json\/wp\/v2\/categories?post=60097"},{"taxonomy":"post_tag","embeddable":true,"href":"https:\/\/elsurti.com\/pt\/wp-json\/wp\/v2\/tags?post=60097"},{"taxonomy":"fenomeno","embeddable":true,"href":"https:\/\/elsurti.com\/pt\/wp-json\/wp\/v2\/fenomeno?post=60097"},{"taxonomy":"tema","embeddable":true,"href":"https:\/\/elsurti.com\/pt\/wp-json\/wp\/v2\/tema?post=60097"},{"taxonomy":"legacy_site","embeddable":true,"href":"https:\/\/elsurti.com\/pt\/wp-json\/wp\/v2\/legacy_site?post=60097"}],"curies":[{"name":"wp","href":"https:\/\/api.w.org\/{rel}","templated":true}]}}