{"id":66515,"date":"2025-09-15T18:14:24","date_gmt":"2025-09-15T22:14:24","guid":{"rendered":"https:\/\/elsurti.com\/?page_id=66515"},"modified":"2025-09-15T20:37:20","modified_gmt":"2025-09-16T00:37:20","slug":"aikuaa","status":"publish","type":"page","link":"https:\/\/elsurti.com\/pt\/aikuaa\/","title":{"rendered":"AIkuaa, un proyecto para ense\u00f1ar Guaran\u00ed a la Inteligencia Artificial"},"content":{"rendered":"<div data-elementor-type=\"wp-page\" data-elementor-id=\"66515\" class=\"elementor elementor-66515\" data-elementor-post-type=\"page\">\n\t\t\t\t\t\t<section data-particle_enable=\"false\" data-particle-mobile-disabled=\"false\" class=\"elementor-section elementor-top-section elementor-element elementor-element-21433e2 elementor-section-boxed elementor-section-height-default elementor-section-height-default\" data-id=\"21433e2\" data-element_type=\"section\">\n\t\t\t\t\t\t<div class=\"elementor-container elementor-column-gap-default\">\n\t\t\t\t\t<div class=\"elementor-column elementor-col-100 elementor-top-column elementor-element elementor-element-0369637\" data-id=\"0369637\" data-element_type=\"column\">\n\t\t\t<div class=\"elementor-widget-wrap elementor-element-populated\">\n\t\t\t\t\t\t<div class=\"elementor-element elementor-element-38147c1 elementor-widget elementor-widget-spacer\" data-id=\"38147c1\" data-element_type=\"widget\" data-widget_type=\"spacer.default\">\n\t\t\t\t<div class=\"elementor-widget-container\">\n\t\t\t\t\t<div class=\"elementor-spacer\">\n\t\t\t<div class=\"elementor-spacer-inner\"><\/div>\n\t\t<\/div>\n\t\t\t\t<\/div>\n\t\t\t\t<\/div>\n\t\t\t\t\t<\/div>\n\t\t<\/div>\n\t\t\t\t\t<\/div>\n\t\t<\/section>\n\t\t\t\t<section data-particle_enable=\"false\" data-particle-mobile-disabled=\"false\" class=\"elementor-section elementor-top-section elementor-element elementor-element-8df5d82 elementor-section-boxed elementor-section-height-default elementor-section-height-default\" data-id=\"8df5d82\" data-element_type=\"section\">\n\t\t\t\t\t\t<div class=\"elementor-container elementor-column-gap-default\">\n\t\t\t\t\t<div class=\"elementor-column elementor-col-100 elementor-top-column elementor-element elementor-element-1e4f301\" data-id=\"1e4f301\" data-element_type=\"column\">\n\t\t\t<div class=\"elementor-widget-wrap elementor-element-populated\">\n\t\t\t\t\t\t<div class=\"elementor-element elementor-element-20ed29e elementor-align-center elementor-mobile-align-center elementor-widget elementor-widget-button\" data-id=\"20ed29e\" data-element_type=\"widget\" data-widget_type=\"button.default\">\n\t\t\t\t<div class=\"elementor-widget-container\">\n\t\t\t\t\t\t\t<div class=\"elementor-button-wrapper\">\n\t\t\t\t\t<a class=\"elementor-button elementor-button-link elementor-size-xs\" href=\"https:\/\/elsurti.com\/pt\/oligarquia\/\">\n\t\t\t\t\t\t<span class=\"elementor-button-content-wrapper\">\n\t\t\t\t\t\t\t\t\t<span class=\"elementor-button-text\">AI LAB<\/span>\n\t\t\t\t\t<\/span>\n\t\t\t\t\t<\/a>\n\t\t\t\t<\/div>\n\t\t\t\t\t\t<\/div>\n\t\t\t\t<\/div>\n\t\t\t\t<div class=\"elementor-element elementor-element-36ec15c elementor-widget elementor-widget-heading\" data-id=\"36ec15c\" data-element_type=\"widget\" data-widget_type=\"heading.default\">\n\t\t\t\t<div class=\"elementor-widget-container\">\n\t\t\t<h2 class=\"elementor-heading-title elementor-size-default\">AIkuaa, un proyecto para ense\u00f1ar Guaran\u00ed a la Inteligencia Artificial<\/h2>\t\t<\/div>\n\t\t\t\t<\/div>\n\t\t\t\t<div class=\"elementor-element elementor-element-fcfa627 elementor-widget elementor-widget-text-editor\" data-id=\"fcfa627\" data-element_type=\"widget\" data-widget_type=\"text-editor.default\">\n\t\t\t\t<div class=\"elementor-widget-container\">\n\t\t\t\t\t\t\t<p>La comunidad de El Surti est\u00e1 ayudando a construir tecnolog\u00eda m\u00e1s inclusiva a trav\u00e9s del entrenamiento de un chatbot y la recolecci\u00f3n de datos de voces. Conoc\u00e9 los detalles y sum\u00e1 tu voz.<\/p>\t\t\t\t\t\t<\/div>\n\t\t\t\t<\/div>\n\t\t\t\t<div class=\"elementor-element elementor-element-ee4021b elementor-align-center elementor-widget elementor-widget-button\" data-id=\"ee4021b\" data-element_type=\"widget\" data-widget_type=\"button.default\">\n\t\t\t\t<div class=\"elementor-widget-container\">\n\t\t\t\t\t\t\t<div class=\"elementor-button-wrapper\">\n\t\t\t\t\t<a class=\"elementor-button elementor-button-link elementor-size-sm\" href=\"https:\/\/api.whatsapp.com\/send\/?phone=595981167320&#038;text=hola\">\n\t\t\t\t\t\t<span class=\"elementor-button-content-wrapper\">\n\t\t\t\t\t\t<span class=\"elementor-button-icon\">\n\t\t\t\t<i aria-hidden=\"true\" class=\"fas fa-robot\"><\/i>\t\t\t<\/span>\n\t\t\t\t\t\t\t\t\t<span class=\"elementor-button-text\">Prob\u00e1 el chatbot<\/span>\n\t\t\t\t\t<\/span>\n\t\t\t\t\t<\/a>\n\t\t\t\t<\/div>\n\t\t\t\t\t\t<\/div>\n\t\t\t\t<\/div>\n\t\t\t\t\t<\/div>\n\t\t<\/div>\n\t\t\t\t\t<\/div>\n\t\t<\/section>\n\t\t\t\t<section data-particle_enable=\"false\" data-particle-mobile-disabled=\"false\" class=\"elementor-section elementor-top-section elementor-element elementor-element-81abbd4 elementor-section-height-min-height elementor-section-items-top elementor-section-content-middle elementor-section-boxed elementor-section-height-default\" data-id=\"81abbd4\" data-element_type=\"section\" data-settings=\"{&quot;background_background&quot;:&quot;video&quot;,&quot;background_video_link&quot;:&quot;https:\\\/\\\/elsurti.com\\\/wp-content\\\/uploads\\\/2025\\\/09\\\/28308667-df94-48e6-870c-b6f42456a555.mov&quot;,&quot;background_play_on_mobile&quot;:&quot;yes&quot;}\">\n\t\t\t\t\t\t\t\t<div class=\"elementor-background-video-container\">\n\t\t\t\t\t\t\t\t\t\t\t\t\t<video class=\"elementor-background-video-hosted elementor-html5-video\" autoplay muted playsinline loop><\/video>\n\t\t\t\t\t\t\t\t\t\t\t<\/div>\n\t\t\t\t\t\t\t\t<div class=\"elementor-container elementor-column-gap-default\">\n\t\t\t\t\t<div class=\"elementor-column elementor-col-100 elementor-top-column elementor-element elementor-element-c63da9f\" data-id=\"c63da9f\" data-element_type=\"column\">\n\t\t\t<div class=\"elementor-widget-wrap\">\n\t\t\t\t\t\t\t<\/div>\n\t\t<\/div>\n\t\t\t\t\t<\/div>\n\t\t<\/section>\n\t\t\t\t<section data-particle_enable=\"false\" data-particle-mobile-disabled=\"false\" class=\"elementor-section elementor-top-section elementor-element elementor-element-57dd133 elementor-section-boxed elementor-section-height-default elementor-section-height-default\" data-id=\"57dd133\" data-element_type=\"section\">\n\t\t\t\t\t\t<div class=\"elementor-container elementor-column-gap-default\">\n\t\t\t\t\t<div class=\"elementor-column elementor-col-100 elementor-top-column elementor-element elementor-element-d146d98\" data-id=\"d146d98\" data-element_type=\"column\">\n\t\t\t<div class=\"elementor-widget-wrap elementor-element-populated\">\n\t\t\t\t\t\t<div class=\"elementor-element elementor-element-b5e6fc6 elementor-widget elementor-widget-heading\" data-id=\"b5e6fc6\" data-element_type=\"widget\" data-widget_type=\"heading.default\">\n\t\t\t\t<div class=\"elementor-widget-container\">\n\t\t\t<h2 class=\"elementor-heading-title elementor-size-default\">AIkuaa es una iniciativa para crear y fortalecer datos abiertos de voz en guaran\u00ed, uno de los idiomas oficiales de Paraguay y una de las lenguas nativas m\u00e1s habladas de Sudam\u00e9rica.<\/h2>\t\t<\/div>\n\t\t\t\t<\/div>\n\t\t\t\t<div class=\"elementor-element elementor-element-4270ce9 elementor-drop-cap-yes elementor-drop-cap-view-default elementor-widget elementor-widget-text-editor\" data-id=\"4270ce9\" data-element_type=\"widget\" data-settings=\"{&quot;drop_cap&quot;:&quot;yes&quot;}\" data-widget_type=\"text-editor.default\">\n\t\t\t\t<div class=\"elementor-widget-container\">\n\t\t\t\t\t\t\t<p>Los grandes modelos de lenguaje (LLM, por sus siglas en ingl\u00e9s) han ampliado la brecha digital, ya que las lenguas predominantemente orales como el guaran\u00ed est\u00e1n severamente subrepresentadas por la falta de datos de entrenamiento. Esto deja a casi 7 millones de hablantes en Paraguay, Bolivia y Argentina a\u00fan m\u00e1s vulnerables a la desinformaci\u00f3n, la exclusi\u00f3n digital y el debilitamiento de sus derechos ling\u00fc\u00edsticos.<\/p><p class=\"\">Nuestro objetivo es simple pero ambicioso: que las tecnolog\u00edas de voz (desde el reconocimiento de habla hasta los asistentes con IA) puedan entender y hablar guaran\u00ed.<\/p>\t\t\t\t\t\t<\/div>\n\t\t\t\t<\/div>\n\t\t\t\t<div class=\"elementor-element elementor-element-6499b50 elementor-widget elementor-widget-text-editor\" data-id=\"6499b50\" data-element_type=\"widget\" data-widget_type=\"text-editor.default\">\n\t\t\t\t<div class=\"elementor-widget-container\">\n\t\t\t\t\t\t\t<h1>\u00bfC\u00f3mo lo estamos haciendo?<\/h1><p>\u00a0<\/p><ul data-rte-list=\"default\"><li><p class=\"\">Organizando <em>mingas<\/em> (hackatones comunitarios enraizados en tradiciones latinoamericanas de trabajo colectivo) para poblar el conjunto de datos de <a href=\"https:\/\/commonvoice.mozilla.org\/\">Common Voice de Mozilla<\/a> con audios en guaran\u00ed.<\/p><\/li><li><p class=\"\">Entrenando modelos de IA para comprender el guaran\u00ed oral, usando los aportes que recopilamos en las mingas.<\/p><\/li><li><p class=\"\">Integrando este trabajo con un chatbot capaz de procesar guaran\u00ed hablado para interactuar con nuestra comunidad en su propio idioma.<\/p><\/li><li><p class=\"\">Construyendo un repositorio abierto de conocimiento para que organizaciones y medios puedan responder mejor a audiencias que usan lenguas orales.<\/p><\/li><\/ul><p class=\"\">En definitiva, se trata de dise\u00f1ar infraestructura cultural: no solo para que las personas contribuyan a la IA, sino para que puedan moldearla a nivel sist\u00e9mico.<\/p>\t\t\t\t\t\t<\/div>\n\t\t\t\t<\/div>\n\t\t\t\t<div class=\"elementor-element elementor-element-dd0d8be elementor-widget elementor-widget-image\" data-id=\"dd0d8be\" data-element_type=\"widget\" data-widget_type=\"image.default\">\n\t\t\t\t<div class=\"elementor-widget-container\">\n\t\t\t\t\t\t\t\t\t\t\t\t\t<img fetchpriority=\"high\" decoding=\"async\" width=\"1024\" height=\"896\" src=\"https:\/\/elsurti.com\/wp-content\/uploads\/2025\/09\/GOPR0023-1024x896.jpeg\" class=\"attachment-large size-large wp-image-66545\" alt=\"\" srcset=\"https:\/\/elsurti.com\/wp-content\/uploads\/2025\/09\/GOPR0023-1024x896.jpeg 1024w, https:\/\/elsurti.com\/wp-content\/uploads\/2025\/09\/GOPR0023-300x263.jpeg 300w, https:\/\/elsurti.com\/wp-content\/uploads\/2025\/09\/GOPR0023-768x672.jpeg 768w, https:\/\/elsurti.com\/wp-content\/uploads\/2025\/09\/GOPR0023-50x44.jpeg 50w, https:\/\/elsurti.com\/wp-content\/uploads\/2025\/09\/GOPR0023-1600x1400.jpeg 1600w, https:\/\/elsurti.com\/wp-content\/uploads\/2025\/09\/GOPR0023-1536x1344.jpeg 1536w, https:\/\/elsurti.com\/wp-content\/uploads\/2025\/09\/GOPR0023-2048x1792.jpeg 2048w, https:\/\/elsurti.com\/wp-content\/uploads\/2025\/09\/GOPR0023-14x12.jpeg 14w\" sizes=\"(max-width: 1024px) 100vw, 1024px\" \/>\t\t\t\t\t\t\t\t\t\t\t\t\t<\/div>\n\t\t\t\t<\/div>\n\t\t\t\t<div class=\"elementor-element elementor-element-63e1ff7 elementor-align-center elementor-mobile-align-center elementor-widget elementor-widget-button\" data-id=\"63e1ff7\" data-element_type=\"widget\" data-widget_type=\"button.default\">\n\t\t\t\t<div class=\"elementor-widget-container\">\n\t\t\t\t\t\t\t<div class=\"elementor-button-wrapper\">\n\t\t\t\t\t<a class=\"elementor-button elementor-button-link elementor-size-xs\" href=\"https:\/\/elsurti.com\/pt\/oligarquia\/\">\n\t\t\t\t\t\t<span class=\"elementor-button-content-wrapper\">\n\t\t\t\t\t\t\t\t\t<span class=\"elementor-button-text\">Herramientas<\/span>\n\t\t\t\t\t<\/span>\n\t\t\t\t\t<\/a>\n\t\t\t\t<\/div>\n\t\t\t\t\t\t<\/div>\n\t\t\t\t<\/div>\n\t\t\t\t<div class=\"elementor-element elementor-element-4f5d369 elementor-widget elementor-widget-heading\" data-id=\"4f5d369\" data-element_type=\"widget\" data-widget_type=\"heading.default\">\n\t\t\t\t<div class=\"elementor-widget-container\">\n\t\t\t<h1 class=\"elementor-heading-title elementor-size-default\"><br><div>SurtiLab-GTranscriptor&nbsp;<\/div><div>Open Source API<span><\/span><\/div><\/h1>\t\t<\/div>\n\t\t\t\t<\/div>\n\t\t\t\t<div class=\"elementor-element elementor-element-5fcf3fc elementor-widget elementor-widget-text-editor\" data-id=\"5fcf3fc\" data-element_type=\"widget\" data-widget_type=\"text-editor.default\">\n\t\t\t\t<div class=\"elementor-widget-container\">\n\t\t\t\t\t\t\t<p>En esta documentaci\u00f3n t\u00e9cnica presentamos en detalle el funcionamiento de la API abierta SurtiLab-GTranscriptor, que permite transcribir audios en guaran\u00ed a texto usando el modelo <a href=\"https:\/\/huggingface.co\/ivangtorre\/wav2vec2-xlsr-300m-guarani\">wav2vec2-xlsr-300m-guarani<\/a>.<\/p>\t\t\t\t\t\t<\/div>\n\t\t\t\t<\/div>\n\t\t\t\t<div class=\"elementor-element elementor-element-e268929 elementor-align-center elementor-widget elementor-widget-button\" data-id=\"e268929\" data-element_type=\"widget\" data-widget_type=\"button.default\">\n\t\t\t\t<div class=\"elementor-widget-container\">\n\t\t\t\t\t\t\t<div class=\"elementor-button-wrapper\">\n\t\t\t\t\t<a class=\"elementor-button elementor-button-link elementor-size-sm\" href=\"https:\/\/elsurti.com\/wp-content\/uploads\/2025\/09\/Documentacion-Tecnica-Transcriptor-2.pdf\">\n\t\t\t\t\t\t<span class=\"elementor-button-content-wrapper\">\n\t\t\t\t\t\t<span class=\"elementor-button-icon\">\n\t\t\t\t<i aria-hidden=\"true\" class=\"far fa-folder-download\"><\/i>\t\t\t<\/span>\n\t\t\t\t\t\t\t\t\t<span class=\"elementor-button-text\">Descargar documentaci\u00f3n<\/span>\n\t\t\t\t\t<\/span>\n\t\t\t\t\t<\/a>\n\t\t\t\t<\/div>\n\t\t\t\t\t\t<\/div>\n\t\t\t\t<\/div>\n\t\t\t\t<div class=\"elementor-element elementor-element-a9f4de8 elementor-widget-divider--view-line elementor-widget elementor-widget-divider\" data-id=\"a9f4de8\" data-element_type=\"widget\" data-widget_type=\"divider.default\">\n\t\t\t\t<div class=\"elementor-widget-container\">\n\t\t\t\t\t<div class=\"elementor-divider\">\n\t\t\t<span class=\"elementor-divider-separator\">\n\t\t\t\t\t\t<\/span>\n\t\t<\/div>\n\t\t\t\t<\/div>\n\t\t\t\t<\/div>\n\t\t\t\t<div class=\"elementor-element elementor-element-8ca66af elementor-widget elementor-widget-heading\" data-id=\"8ca66af\" data-element_type=\"widget\" data-widget_type=\"heading.default\">\n\t\t\t\t<div class=\"elementor-widget-container\">\n\t\t\t<h1 class=\"elementor-heading-title elementor-size-default\">Gu\u00eda para organizar una minga de voces abiertas<\/h1>\t\t<\/div>\n\t\t\t\t<\/div>\n\t\t\t\t<div class=\"elementor-element elementor-element-e015aef elementor-widget elementor-widget-text-editor\" data-id=\"e015aef\" data-element_type=\"widget\" data-widget_type=\"text-editor.default\">\n\t\t\t\t<div class=\"elementor-widget-container\">\n\t\t\t\t\t\t\t<p>En esta gu\u00eda explicamos c\u00f3mo organizar una minga de voces abiertas, un espacio colaborativo donde la comunidad graba y valida frases en guaran\u00ed para enriquecer los conjuntos de datos p\u00fablicos de voz y fortalecer la presencia de lenguas orales en la inteligencia artificial.<\/p>\t\t\t\t\t\t<\/div>\n\t\t\t\t<\/div>\n\t\t\t\t<div class=\"elementor-element elementor-element-980128b elementor-align-center elementor-widget elementor-widget-button\" data-id=\"980128b\" data-element_type=\"widget\" data-widget_type=\"button.default\">\n\t\t\t\t<div class=\"elementor-widget-container\">\n\t\t\t\t\t\t\t<div class=\"elementor-button-wrapper\">\n\t\t\t\t\t<a class=\"elementor-button elementor-size-sm\" role=\"button\">\n\t\t\t\t\t\t<span class=\"elementor-button-content-wrapper\">\n\t\t\t\t\t\t<span class=\"elementor-button-icon\">\n\t\t\t\t<i aria-hidden=\"true\" class=\"far fa-users\"><\/i>\t\t\t<\/span>\n\t\t\t\t\t\t\t\t\t<span class=\"elementor-button-text\">Descargar documentaci\u00f3n<\/span>\n\t\t\t\t\t<\/span>\n\t\t\t\t\t<\/a>\n\t\t\t\t<\/div>\n\t\t\t\t\t\t<\/div>\n\t\t\t\t<\/div>\n\t\t\t\t\t<\/div>\n\t\t<\/div>\n\t\t\t\t\t<\/div>\n\t\t<\/section>\n\t\t\t\t<section data-particle_enable=\"false\" data-particle-mobile-disabled=\"false\" class=\"elementor-section elementor-top-section elementor-element elementor-element-93aeda8 elementor-section-boxed elementor-section-height-default elementor-section-height-default\" data-id=\"93aeda8\" data-element_type=\"section\" data-settings=\"{&quot;background_background&quot;:&quot;classic&quot;}\">\n\t\t\t\t\t\t<div class=\"elementor-container elementor-column-gap-default\">\n\t\t\t\t\t<div class=\"elementor-column elementor-col-100 elementor-top-column elementor-element elementor-element-57cc0c9\" data-id=\"57cc0c9\" data-element_type=\"column\">\n\t\t\t<div class=\"elementor-widget-wrap elementor-element-populated\">\n\t\t\t\t\t\t<div class=\"elementor-element elementor-element-b8e3f4f elementor-widget elementor-widget-text-editor\" data-id=\"b8e3f4f\" data-element_type=\"widget\" data-widget_type=\"text-editor.default\">\n\t\t\t\t<div class=\"elementor-widget-container\">\n\t\t\t\t\t\t\t<p>\ud81a\udd13<strong><br>Este proyecto es posible gracias al apoyo del <a href=\"https:\/\/www.journalismai.info\/programmes\/innovation\">JournalismAI Innovation Challenge<\/a> <br>Direcci\u00f3n editorial:<\/strong> Jazm\u00edn Acu\u00f1a \u00b7 <strong>Comunidad y recolecci\u00f3n de datos:<\/strong> Laila Bareiro \u00b7 <b>Project Manager: <\/b>Sebasti\u00e1n Auyanet \u00b7 <strong>Dise\u00f1o Conversacional:<\/strong> Sebasti\u00e1n Hacher &amp; Axel Marazzi \u00b7 <strong>Desarrollo de Bot &amp; IA:<\/strong> Neyen Luchelli \u00b7 <strong>Dise\u00f1o de producto: <\/strong>Alejandro Valdez Sanabria \u00b7 <strong>Pytyv\u00f5h\u00e1ras: <\/strong>Alexis Leiva, Richard G\u00f3mez, Federico Boltes, Circe Portillo, Mirna Armoa, \u00c1ngel \u00d1amand\u00fa, Maria Eugenia Silvero, Lucas Forneron, Cecilia Samudio &amp; Elizabeth Bareiro Riquelme<\/p>\t\t\t\t\t\t<\/div>\n\t\t\t\t<\/div>\n\t\t\t\t\t<\/div>\n\t\t<\/div>\n\t\t\t\t\t<\/div>\n\t\t<\/section>\n\t\t\t\t<section data-particle_enable=\"false\" data-particle-mobile-disabled=\"false\" class=\"elementor-section elementor-top-section elementor-element elementor-element-0022a7c elementor-section-boxed elementor-section-height-default elementor-section-height-default\" data-id=\"0022a7c\" data-element_type=\"section\">\n\t\t\t\t\t\t<div class=\"elementor-container elementor-column-gap-default\">\n\t\t\t\t\t<div class=\"elementor-column elementor-col-100 elementor-top-column elementor-element elementor-element-6484404\" data-id=\"6484404\" data-element_type=\"column\">\n\t\t\t<div class=\"elementor-widget-wrap\">\n\t\t\t\t\t\t\t<\/div>\n\t\t<\/div>\n\t\t\t\t\t<\/div>\n\t\t<\/section>\n\t\t\t\t<\/div>","protected":false},"excerpt":{"rendered":"<p>AI LAB AIkuaa, un proyecto para ense\u00f1ar Guaran\u00ed a la Inteligencia Artificial La comunidad de El Surti est\u00e1 ayudando a construir tecnolog\u00eda m\u00e1s inclusiva a trav\u00e9s del entrenamiento de un chatbot y la recolecci\u00f3n de datos de voces. Conoc\u00e9 los detalles y sum\u00e1 tu voz. Prob\u00e1 el chatbot AIkuaa es una iniciativa para crear y [&hellip;]<\/p>","protected":false},"author":2,"featured_media":66559,"parent":0,"menu_order":0,"comment_status":"closed","ping_status":"closed","template":"","meta":{"_acf_changed":false,"footnotes":""},"categories":[5],"tags":[],"fenomeno":[67],"tema":[],"acf":[],"_links":{"self":[{"href":"https:\/\/elsurti.com\/pt\/wp-json\/wp\/v2\/pages\/66515"}],"collection":[{"href":"https:\/\/elsurti.com\/pt\/wp-json\/wp\/v2\/pages"}],"about":[{"href":"https:\/\/elsurti.com\/pt\/wp-json\/wp\/v2\/types\/page"}],"author":[{"embeddable":true,"href":"https:\/\/elsurti.com\/pt\/wp-json\/wp\/v2\/users\/2"}],"replies":[{"embeddable":true,"href":"https:\/\/elsurti.com\/pt\/wp-json\/wp\/v2\/comments?post=66515"}],"version-history":[{"count":74,"href":"https:\/\/elsurti.com\/pt\/wp-json\/wp\/v2\/pages\/66515\/revisions"}],"predecessor-version":[{"id":66598,"href":"https:\/\/elsurti.com\/pt\/wp-json\/wp\/v2\/pages\/66515\/revisions\/66598"}],"wp:featuredmedia":[{"embeddable":true,"href":"https:\/\/elsurti.com\/pt\/wp-json\/wp\/v2\/media\/66559"}],"wp:attachment":[{"href":"https:\/\/elsurti.com\/pt\/wp-json\/wp\/v2\/media?parent=66515"}],"wp:term":[{"taxonomy":"category","embeddable":true,"href":"https:\/\/elsurti.com\/pt\/wp-json\/wp\/v2\/categories?post=66515"},{"taxonomy":"post_tag","embeddable":true,"href":"https:\/\/elsurti.com\/pt\/wp-json\/wp\/v2\/tags?post=66515"},{"taxonomy":"fenomeno","embeddable":true,"href":"https:\/\/elsurti.com\/pt\/wp-json\/wp\/v2\/fenomeno?post=66515"},{"taxonomy":"tema","embeddable":true,"href":"https:\/\/elsurti.com\/pt\/wp-json\/wp\/v2\/tema?post=66515"}],"curies":[{"name":"wp","href":"https:\/\/api.w.org\/{rel}","templated":true}]}}