{"id":8125,"date":"2020-09-27T23:11:49","date_gmt":"2020-09-28T03:11:49","guid":{"rendered":"https:\/\/elsurti.com\/cuenta-de-membresia\/tipos-de-suscripcion\/"},"modified":"2021-04-21T20:56:54","modified_gmt":"2021-04-22T00:56:54","slug":"membresia-landing","status":"publish","type":"page","link":"https:\/\/elsurti.com\/pt\/membresia\/landing\/","title":{"rendered":"La Membres\u00eda"},"content":{"rendered":"<div data-elementor-type=\"wp-page\" data-elementor-id=\"8125\" class=\"elementor elementor-8125\" data-elementor-post-type=\"page\">\n\t\t\t\t\t\t<section data-particle_enable=\"false\" data-particle-mobile-disabled=\"false\" class=\"elementor-section elementor-top-section elementor-element elementor-element-6b9f248 elementor-section-boxed elementor-section-height-default elementor-section-height-default\" data-id=\"6b9f248\" data-element_type=\"section\">\n\t\t\t\t\t\t<div class=\"elementor-container elementor-column-gap-default\">\n\t\t\t\t\t<div class=\"elementor-column elementor-col-100 elementor-top-column elementor-element elementor-element-9c56fee\" data-id=\"9c56fee\" data-element_type=\"column\">\n\t\t\t<div class=\"elementor-widget-wrap elementor-element-populated\">\n\t\t\t\t\t\t<section data-particle_enable=\"false\" data-particle-mobile-disabled=\"false\" class=\"elementor-section elementor-inner-section elementor-element elementor-element-7d67671 elementor-section-boxed elementor-section-height-default elementor-section-height-default\" data-id=\"7d67671\" data-element_type=\"section\">\n\t\t\t\t\t\t<div class=\"elementor-container elementor-column-gap-default\">\n\t\t\t\t\t<div class=\"elementor-column elementor-col-50 elementor-inner-column elementor-element elementor-element-1903e5f\" data-id=\"1903e5f\" data-element_type=\"column\">\n\t\t\t<div class=\"elementor-widget-wrap elementor-element-populated\">\n\t\t\t\t\t\t<div class=\"elementor-element elementor-element-6e01199 elementor-widget elementor-widget-heading\" data-id=\"6e01199\" data-element_type=\"widget\" data-widget_type=\"heading.default\">\n\t\t\t\t<div class=\"elementor-widget-container\">\n\t\t\t<h2 class=\"elementor-heading-title elementor-size-default\">\u00bfQuer\u00e9s ser parte de los 100 primeros co-laboradores de El Surti?<\/h2>\t\t<\/div>\n\t\t\t\t<\/div>\n\t\t\t\t<div class=\"elementor-element elementor-element-dd945ed elementor-hidden-desktop elementor-widget elementor-widget-image\" data-id=\"dd945ed\" data-element_type=\"widget\" data-widget_type=\"image.default\">\n\t\t\t\t<div class=\"elementor-widget-container\">\n\t\t\t\t\t\t\t\t\t\t\t\t\t<img fetchpriority=\"high\" decoding=\"async\" width=\"800\" height=\"800\" src=\"https:\/\/elsurti.com\/wp-content\/uploads\/2020\/09\/tienda-el-surti-periodismo-3-800x800-1.png\" class=\"attachment-large size-large wp-image-8159\" alt=\"\" srcset=\"https:\/\/elsurti.com\/wp-content\/uploads\/2020\/09\/tienda-el-surti-periodismo-3-800x800-1.png 800w, https:\/\/elsurti.com\/wp-content\/uploads\/2020\/09\/tienda-el-surti-periodismo-3-800x800-1-300x300.png 300w, https:\/\/elsurti.com\/wp-content\/uploads\/2020\/09\/tienda-el-surti-periodismo-3-800x800-1-200x200.png 200w, https:\/\/elsurti.com\/wp-content\/uploads\/2020\/09\/tienda-el-surti-periodismo-3-800x800-1-768x768.png 768w, https:\/\/elsurti.com\/wp-content\/uploads\/2020\/09\/tienda-el-surti-periodismo-3-800x800-1-150x150.png 150w\" sizes=\"(max-width: 800px) 100vw, 800px\" \/>\t\t\t\t\t\t\t\t\t\t\t\t\t<\/div>\n\t\t\t\t<\/div>\n\t\t\t\t<div class=\"elementor-element elementor-element-f5b5516 elementor-widget elementor-widget-text-editor\" data-id=\"f5b5516\" data-element_type=\"widget\" data-widget_type=\"text-editor.default\">\n\t\t\t\t<div class=\"elementor-widget-container\">\n\t\t\t\t\t\t\t<p>\ud83d\ude09 Unite por 100 d\u00edas a la primera fase del programa de membres\u00eda de El Surtidor.<\/p><p>\ud83e\udd13 Conoc\u00e9 de primera mano cu\u00e1les son los beneficios para vos, tu comunidad y la sociedad.<\/p><p>\ud83d\ude09 Al final de la prueba, vas a poder decidir cu\u00e1nto ser\u00e1 tu aporte para sostener el periodismo independiente que desaf\u00eda.<\/p>\t\t\t\t\t\t<\/div>\n\t\t\t\t<\/div>\n\t\t\t\t<div class=\"elementor-element elementor-element-dc325c1 elementor-tablet-align-center elementor-mobile-align-center elementor-widget elementor-widget-button\" data-id=\"dc325c1\" data-element_type=\"widget\" data-widget_type=\"button.default\">\n\t\t\t\t<div class=\"elementor-widget-container\">\n\t\t\t\t\t\t\t<div class=\"elementor-button-wrapper\">\n\t\t\t\t\t<a class=\"elementor-button elementor-button-link elementor-size-lg\" href=\"\/pt\/membresia\/checkout\/?level=1\">\n\t\t\t\t\t\t<span class=\"elementor-button-content-wrapper\">\n\t\t\t\t\t\t\t\t\t<span class=\"elementor-button-text\">Quiero ser co-laborador\/a<\/span>\n\t\t\t\t\t<\/span>\n\t\t\t\t\t<\/a>\n\t\t\t\t<\/div>\n\t\t\t\t\t\t<\/div>\n\t\t\t\t<\/div>\n\t\t\t\t\t<\/div>\n\t\t<\/div>\n\t\t\t\t<div class=\"elementor-column elementor-col-50 elementor-inner-column elementor-element elementor-element-6c95321 elementor-hidden-tablet elementor-hidden-phone\" data-id=\"6c95321\" data-element_type=\"column\">\n\t\t\t<div class=\"elementor-widget-wrap elementor-element-populated\">\n\t\t\t\t\t\t<div class=\"elementor-element elementor-element-fa9e29b elementor-widget elementor-widget-image\" data-id=\"fa9e29b\" data-element_type=\"widget\" data-widget_type=\"image.default\">\n\t\t\t\t<div class=\"elementor-widget-container\">\n\t\t\t\t\t\t\t\t\t\t\t\t\t<img fetchpriority=\"high\" decoding=\"async\" width=\"800\" height=\"800\" src=\"https:\/\/elsurti.com\/wp-content\/uploads\/2020\/09\/tienda-el-surti-periodismo-3-800x800-1.png\" class=\"attachment-large size-large wp-image-8159\" alt=\"\" srcset=\"https:\/\/elsurti.com\/wp-content\/uploads\/2020\/09\/tienda-el-surti-periodismo-3-800x800-1.png 800w, https:\/\/elsurti.com\/wp-content\/uploads\/2020\/09\/tienda-el-surti-periodismo-3-800x800-1-300x300.png 300w, https:\/\/elsurti.com\/wp-content\/uploads\/2020\/09\/tienda-el-surti-periodismo-3-800x800-1-200x200.png 200w, https:\/\/elsurti.com\/wp-content\/uploads\/2020\/09\/tienda-el-surti-periodismo-3-800x800-1-768x768.png 768w, https:\/\/elsurti.com\/wp-content\/uploads\/2020\/09\/tienda-el-surti-periodismo-3-800x800-1-150x150.png 150w\" sizes=\"(max-width: 800px) 100vw, 800px\" \/>\t\t\t\t\t\t\t\t\t\t\t\t\t<\/div>\n\t\t\t\t<\/div>\n\t\t\t\t\t<\/div>\n\t\t<\/div>\n\t\t\t\t\t<\/div>\n\t\t<\/section>\n\t\t\t\t\t<\/div>\n\t\t<\/div>\n\t\t\t\t\t<\/div>\n\t\t<\/section>\n\t\t\t\t<section data-particle_enable=\"false\" data-particle-mobile-disabled=\"false\" class=\"elementor-section elementor-top-section elementor-element elementor-element-e234624 elementor-section-boxed elementor-section-height-default elementor-section-height-default\" data-id=\"e234624\" data-element_type=\"section\">\n\t\t\t\t\t\t<div class=\"elementor-container elementor-column-gap-default\">\n\t\t\t\t\t<div class=\"elementor-column elementor-col-100 elementor-top-column elementor-element elementor-element-8876fc5\" data-id=\"8876fc5\" data-element_type=\"column\">\n\t\t\t<div class=\"elementor-widget-wrap elementor-element-populated\">\n\t\t\t\t\t\t<div class=\"elementor-element elementor-element-567f9a7 elementor-widget elementor-widget-heading\" data-id=\"567f9a7\" data-element_type=\"widget\" data-widget_type=\"heading.default\">\n\t\t\t\t<div class=\"elementor-widget-container\">\n\t\t\t<h2 class=\"elementor-heading-title elementor-size-default\">\u00bfQu\u00e9 haremos en estos 100 primeros d\u00edas del programa de membres\u00eda?<\/h2>\t\t<\/div>\n\t\t\t\t<\/div>\n\t\t\t\t\t<\/div>\n\t\t<\/div>\n\t\t\t\t\t<\/div>\n\t\t<\/section>\n\t\t\t\t<section data-particle_enable=\"false\" data-particle-mobile-disabled=\"false\" class=\"elementor-section elementor-top-section elementor-element elementor-element-ae9c5ca elementor-reverse-mobile elementor-section-boxed elementor-section-height-default elementor-section-height-default\" data-id=\"ae9c5ca\" data-element_type=\"section\" data-settings=\"{&quot;background_background&quot;:&quot;classic&quot;}\">\n\t\t\t\t\t\t<div class=\"elementor-container elementor-column-gap-default\">\n\t\t\t\t\t<div class=\"elementor-column elementor-col-50 elementor-top-column elementor-element elementor-element-76e34bb\" data-id=\"76e34bb\" data-element_type=\"column\">\n\t\t\t<div class=\"elementor-widget-wrap elementor-element-populated\">\n\t\t\t\t\t\t<div class=\"elementor-element elementor-element-e74c3c7 elementor-widget elementor-widget-heading\" data-id=\"e74c3c7\" data-element_type=\"widget\" data-widget_type=\"heading.default\">\n\t\t\t\t<div class=\"elementor-widget-container\">\n\t\t\t<h2 class=\"elementor-heading-title elementor-size-default\">Vamos a revelar<\/h2>\t\t<\/div>\n\t\t\t\t<\/div>\n\t\t\t\t<div class=\"elementor-element elementor-element-116ed50 elementor-widget elementor-widget-text-editor\" data-id=\"116ed50\" data-element_type=\"widget\" data-widget_type=\"text-editor.default\">\n\t\t\t\t<div class=\"elementor-widget-container\">\n\t\t\t\t\t\t\t<p>Con tu aporte, al menos 100 mil j\u00f3venes se enteran qui\u00e9nes son los pocos grupos poderosos que definen las pol\u00edticas que afectan sus vidas. Y qu\u00e9 pueden hacer para recuperar un lugar de participaci\u00f3n en la construcci\u00f3n del futuro.<\/p>\t\t\t\t\t\t<\/div>\n\t\t\t\t<\/div>\n\t\t\t\t\t<\/div>\n\t\t<\/div>\n\t\t\t\t<div class=\"elementor-column elementor-col-50 elementor-top-column elementor-element elementor-element-7870ff1\" data-id=\"7870ff1\" data-element_type=\"column\">\n\t\t\t<div class=\"elementor-widget-wrap elementor-element-populated\">\n\t\t\t\t\t\t<div class=\"elementor-element elementor-element-f13a253 elementor-widget elementor-widget-image\" data-id=\"f13a253\" data-element_type=\"widget\" data-widget_type=\"image.default\">\n\t\t\t\t<div class=\"elementor-widget-container\">\n\t\t\t\t\t\t\t\t\t\t\t\t\t<img decoding=\"async\" width=\"753\" height=\"781\" src=\"https:\/\/elsurti.com\/wp-content\/uploads\/2020\/09\/04.png\" class=\"attachment-full size-full wp-image-8207\" alt=\"\" srcset=\"https:\/\/elsurti.com\/wp-content\/uploads\/2020\/09\/04.png 753w, https:\/\/elsurti.com\/wp-content\/uploads\/2020\/09\/04-289x300.png 289w\" sizes=\"(max-width: 753px) 100vw, 753px\" \/>\t\t\t\t\t\t\t\t\t\t\t\t\t<\/div>\n\t\t\t\t<\/div>\n\t\t\t\t\t<\/div>\n\t\t<\/div>\n\t\t\t\t\t<\/div>\n\t\t<\/section>\n\t\t\t\t<section data-particle_enable=\"false\" data-particle-mobile-disabled=\"false\" class=\"elementor-section elementor-top-section elementor-element elementor-element-6b4aca3 elementor-section-boxed elementor-section-height-default elementor-section-height-default\" data-id=\"6b4aca3\" data-element_type=\"section\" data-settings=\"{&quot;background_background&quot;:&quot;classic&quot;}\">\n\t\t\t\t\t\t<div class=\"elementor-container elementor-column-gap-default\">\n\t\t\t\t\t<div class=\"elementor-column elementor-col-50 elementor-top-column elementor-element elementor-element-c009767\" data-id=\"c009767\" data-element_type=\"column\">\n\t\t\t<div class=\"elementor-widget-wrap elementor-element-populated\">\n\t\t\t\t\t\t<div class=\"elementor-element elementor-element-c3e81cd elementor-widget elementor-widget-image\" data-id=\"c3e81cd\" data-element_type=\"widget\" data-widget_type=\"image.default\">\n\t\t\t\t<div class=\"elementor-widget-container\">\n\t\t\t\t\t\t\t\t\t\t\t\t\t<img decoding=\"async\" width=\"800\" height=\"800\" src=\"https:\/\/elsurti.com\/wp-content\/uploads\/2020\/09\/01.png\" class=\"attachment-large size-large wp-image-8208\" alt=\"\" srcset=\"https:\/\/elsurti.com\/wp-content\/uploads\/2020\/09\/01.png 800w, https:\/\/elsurti.com\/wp-content\/uploads\/2020\/09\/01-300x300.png 300w, https:\/\/elsurti.com\/wp-content\/uploads\/2020\/09\/01-200x200.png 200w, https:\/\/elsurti.com\/wp-content\/uploads\/2020\/09\/01-768x768.png 768w, https:\/\/elsurti.com\/wp-content\/uploads\/2020\/09\/01-150x150.png 150w\" sizes=\"(max-width: 800px) 100vw, 800px\" \/>\t\t\t\t\t\t\t\t\t\t\t\t\t<\/div>\n\t\t\t\t<\/div>\n\t\t\t\t\t<\/div>\n\t\t<\/div>\n\t\t\t\t<div class=\"elementor-column elementor-col-50 elementor-top-column elementor-element elementor-element-efccdfd\" data-id=\"efccdfd\" data-element_type=\"column\">\n\t\t\t<div class=\"elementor-widget-wrap elementor-element-populated\">\n\t\t\t\t\t\t<div class=\"elementor-element elementor-element-8d00c74 elementor-widget elementor-widget-heading\" data-id=\"8d00c74\" data-element_type=\"widget\" data-widget_type=\"heading.default\">\n\t\t\t\t<div class=\"elementor-widget-container\">\n\t\t\t<h2 class=\"elementor-heading-title elementor-size-default\">Vamos a conectarnos<\/h2>\t\t<\/div>\n\t\t\t\t<\/div>\n\t\t\t\t<div class=\"elementor-element elementor-element-78f3a03 elementor-widget elementor-widget-text-editor\" data-id=\"78f3a03\" data-element_type=\"widget\" data-widget_type=\"text-editor.default\">\n\t\t\t\t<div class=\"elementor-widget-container\">\n\t\t\t\t\t\t\t<p>Realizaremos talleres, conferencias y webinarios para encontrarnos e imaginar soluciones juntos.<\/p>\t\t\t\t\t\t<\/div>\n\t\t\t\t<\/div>\n\t\t\t\t\t<\/div>\n\t\t<\/div>\n\t\t\t\t\t<\/div>\n\t\t<\/section>\n\t\t\t\t<section data-particle_enable=\"false\" data-particle-mobile-disabled=\"false\" class=\"elementor-section elementor-top-section elementor-element elementor-element-4a0efee elementor-reverse-mobile elementor-section-boxed elementor-section-height-default elementor-section-height-default\" data-id=\"4a0efee\" data-element_type=\"section\" data-settings=\"{&quot;background_background&quot;:&quot;classic&quot;}\">\n\t\t\t\t\t\t<div class=\"elementor-container elementor-column-gap-default\">\n\t\t\t\t\t<div class=\"elementor-column elementor-col-50 elementor-top-column elementor-element elementor-element-3b26e4b\" data-id=\"3b26e4b\" data-element_type=\"column\">\n\t\t\t<div class=\"elementor-widget-wrap elementor-element-populated\">\n\t\t\t\t\t\t<div class=\"elementor-element elementor-element-1af572d elementor-widget elementor-widget-heading\" data-id=\"1af572d\" data-element_type=\"widget\" data-widget_type=\"heading.default\">\n\t\t\t\t<div class=\"elementor-widget-container\">\n\t\t\t<h2 class=\"elementor-heading-title elementor-size-default\">Vamos a impactar<\/h2>\t\t<\/div>\n\t\t\t\t<\/div>\n\t\t\t\t<div class=\"elementor-element elementor-element-ec112f9 elementor-widget elementor-widget-text-editor\" data-id=\"ec112f9\" data-element_type=\"widget\" data-widget_type=\"text-editor.default\">\n\t\t\t\t<div class=\"elementor-widget-container\">\n\t\t\t\t\t\t\tCon tu apoyo, vamos a generar cambios y vos ser\u00e1s la primera persona en enterarte de los impactos que logramos con nuestro trabajo.\t\t\t\t\t\t<\/div>\n\t\t\t\t<\/div>\n\t\t\t\t\t<\/div>\n\t\t<\/div>\n\t\t\t\t<div class=\"elementor-column elementor-col-50 elementor-top-column elementor-element elementor-element-2caf7bb\" data-id=\"2caf7bb\" data-element_type=\"column\">\n\t\t\t<div class=\"elementor-widget-wrap elementor-element-populated\">\n\t\t\t\t\t\t<div class=\"elementor-element elementor-element-71cb716 elementor-widget elementor-widget-image\" data-id=\"71cb716\" data-element_type=\"widget\" data-widget_type=\"image.default\">\n\t\t\t\t<div class=\"elementor-widget-container\">\n\t\t\t\t\t\t\t\t\t\t\t\t\t<img loading=\"lazy\" decoding=\"async\" width=\"800\" height=\"800\" src=\"https:\/\/elsurti.com\/wp-content\/uploads\/2020\/09\/tienda-el-surti-delivery-2-800x800-1-1.png\" class=\"attachment-full size-full wp-image-8158\" alt=\"\" srcset=\"https:\/\/elsurti.com\/wp-content\/uploads\/2020\/09\/tienda-el-surti-delivery-2-800x800-1-1.png 800w, https:\/\/elsurti.com\/wp-content\/uploads\/2020\/09\/tienda-el-surti-delivery-2-800x800-1-1-300x300.png 300w, https:\/\/elsurti.com\/wp-content\/uploads\/2020\/09\/tienda-el-surti-delivery-2-800x800-1-1-200x200.png 200w, https:\/\/elsurti.com\/wp-content\/uploads\/2020\/09\/tienda-el-surti-delivery-2-800x800-1-1-768x768.png 768w, https:\/\/elsurti.com\/wp-content\/uploads\/2020\/09\/tienda-el-surti-delivery-2-800x800-1-1-150x150.png 150w\" sizes=\"(max-width: 800px) 100vw, 800px\" \/>\t\t\t\t\t\t\t\t\t\t\t\t\t<\/div>\n\t\t\t\t<\/div>\n\t\t\t\t\t<\/div>\n\t\t<\/div>\n\t\t\t\t\t<\/div>\n\t\t<\/section>\n\t\t\t\t<section data-particle_enable=\"false\" data-particle-mobile-disabled=\"false\" class=\"elementor-section elementor-top-section elementor-element elementor-element-8ded326 elementor-section-full_width elementor-section-height-default elementor-section-height-default\" data-id=\"8ded326\" data-element_type=\"section\" data-settings=\"{&quot;background_background&quot;:&quot;classic&quot;}\">\n\t\t\t\t\t\t<div class=\"elementor-container elementor-column-gap-default\">\n\t\t\t\t\t<div class=\"elementor-column elementor-col-100 elementor-top-column elementor-element elementor-element-a07751d\" data-id=\"a07751d\" data-element_type=\"column\">\n\t\t\t<div class=\"elementor-widget-wrap elementor-element-populated\">\n\t\t\t\t\t\t<section data-particle_enable=\"false\" data-particle-mobile-disabled=\"false\" class=\"elementor-section elementor-inner-section elementor-element elementor-element-aee05d0 elementor-section-boxed elementor-section-height-default elementor-section-height-default\" data-id=\"aee05d0\" data-element_type=\"section\">\n\t\t\t\t\t\t<div class=\"elementor-container elementor-column-gap-default\">\n\t\t\t\t\t<div class=\"elementor-column elementor-col-50 elementor-inner-column elementor-element elementor-element-c3adeb9\" data-id=\"c3adeb9\" data-element_type=\"column\">\n\t\t\t<div class=\"elementor-widget-wrap elementor-element-populated\">\n\t\t\t\t\t\t<div class=\"elementor-element elementor-element-b82837a elementor-widget elementor-widget-fenomeno-seccion-intro\" data-id=\"b82837a\" data-element_type=\"widget\" data-widget_type=\"fenomeno-seccion-intro.default\">\n\t\t\t\t<div class=\"elementor-widget-container\">\n\t\t\t    \n    <div class=\"fenomeno-seccion-intro\">\n        <div class=\"fenomenoSeccionIntro__title\">\n          <h2>FAQ<\/h2>        <\/div>\n        <div class=\"fenomenoSeccionIntro__lead\">\n          Si ten\u00e9s m\u00e1s preguntas escrib\u00ed a elsurti@memetic.media        <\/div>\n    <\/div>\n\n    \t\t<\/div>\n\t\t\t\t<\/div>\n\t\t\t\t\t<\/div>\n\t\t<\/div>\n\t\t\t\t<div class=\"elementor-column elementor-col-50 elementor-inner-column elementor-element elementor-element-a3f887b\" data-id=\"a3f887b\" data-element_type=\"column\">\n\t\t\t<div class=\"elementor-widget-wrap elementor-element-populated\">\n\t\t\t\t\t\t<div class=\"elementor-element elementor-element-39d5ca4 elementor-widget elementor-widget-accordion\" data-id=\"39d5ca4\" data-element_type=\"widget\" data-widget_type=\"accordion.default\">\n\t\t\t\t<div class=\"elementor-widget-container\">\n\t\t\t\t\t<div class=\"elementor-accordion\">\n\t\t\t\t\t\t\t<div class=\"elementor-accordion-item\">\n\t\t\t\t\t<div id=\"elementor-tab-title-6061\" class=\"elementor-tab-title\" data-tab=\"1\" role=\"button\" aria-controls=\"elementor-tab-content-6061\" aria-expanded=\"false\">\n\t\t\t\t\t\t\t\t\t\t\t\t\t<span class=\"elementor-accordion-icon elementor-accordion-icon-right\" aria-hidden=\"true\">\n\t\t\t\t\t\t\t\t\t\t\t\t\t\t\t<span class=\"elementor-accordion-icon-closed\"><i class=\"fas fa-chevron-down\"><\/i><\/span>\n\t\t\t\t\t\t\t\t<span class=\"elementor-accordion-icon-opened\"><i class=\"fas fa-chevron-up\"><\/i><\/span>\n\t\t\t\t\t\t\t\t\t\t\t\t\t\t<\/span>\n\t\t\t\t\t\t\t\t\t\t\t\t<a class=\"elementor-accordion-title\" tabindex=\"0\">\u00bfPor qu\u00e9 sumarse como co-laborador\/a?<\/a>\n\t\t\t\t\t<\/div>\n\t\t\t\t\t<div id=\"elementor-tab-content-6061\" class=\"elementor-tab-content elementor-clearfix\" data-tab=\"1\" role=\"region\" aria-labelledby=\"elementor-tab-title-6061\"><p>El programa de membres\u00eda te permite colaborar de forma directa con el crecimiento de un medio independiente en Paraguay, que es:<\/p><ul><li>Gestionado por sus trabajadores, libre de la injerencia de los grupos tradicionales de poder<\/li><li>Transparente en sus intenciones<\/li><li>Cercano a sus audiencias<\/li><li>Un ant\u00eddoto a la desinformaci\u00f3n y el miedo<\/li><li>Riguroso y capaz de comunicar fen\u00f3menos complejos de forma sencilla y bella<\/li><li>Una alternativa para explorar las soluciones a los problemas<\/li><\/ul><\/div>\n\t\t\t\t<\/div>\n\t\t\t\t\t\t\t<div class=\"elementor-accordion-item\">\n\t\t\t\t\t<div id=\"elementor-tab-title-6062\" class=\"elementor-tab-title\" data-tab=\"2\" role=\"button\" aria-controls=\"elementor-tab-content-6062\" aria-expanded=\"false\">\n\t\t\t\t\t\t\t\t\t\t\t\t\t<span class=\"elementor-accordion-icon elementor-accordion-icon-right\" aria-hidden=\"true\">\n\t\t\t\t\t\t\t\t\t\t\t\t\t\t\t<span class=\"elementor-accordion-icon-closed\"><i class=\"fas fa-chevron-down\"><\/i><\/span>\n\t\t\t\t\t\t\t\t<span class=\"elementor-accordion-icon-opened\"><i class=\"fas fa-chevron-up\"><\/i><\/span>\n\t\t\t\t\t\t\t\t\t\t\t\t\t\t<\/span>\n\t\t\t\t\t\t\t\t\t\t\t\t<a class=\"elementor-accordion-title\" tabindex=\"0\">\u00bfPor qu\u00e9 una fase de prueba de 100 d\u00edas con 100 miembros?<\/a>\n\t\t\t\t\t<\/div>\n\t\t\t\t\t<div id=\"elementor-tab-content-6062\" class=\"elementor-tab-content elementor-clearfix\" data-tab=\"2\" role=\"region\" aria-labelledby=\"elementor-tab-title-6062\"><p>Porque queremos construir contigo un nuevo modelo de periodismo participativo en nuestro pa\u00eds. Durante estos 100 d\u00edas,como uno de los primeros 100 co-laboradores, vamos a atender tus preguntas sobre El Surti, nuestra cobertura, y ofrecerte espacios para pensar juntos soluciones a esos problemas que queremos cambiar, como la deforestaci\u00f3n, el acoso sexual que sufren las mujeres, el avance de grupos religiosos fundamentalistas en el Ministerio de Educaci\u00f3n o la persecuci\u00f3n fiscal con la excusa de la cuarentena.<\/p><p>Tambi\u00e9n, vamos a analizar c\u00f3mo te relacion\u00e1s con nuestra informaci\u00f3n, qu\u00e9 herramientas facilitan la comunicaci\u00f3n entre el medio y vos como parte de la audiencia. Registraremos tus reacciones, sugerencias, cr\u00edticas a los trabajos que te acercamos, y haremos consultas puntuales para que el programa pueda servirte mejor. Con estos datos, podremos perseguir la meta final de contar con 10 mil personas en la membres\u00eda.<\/p><\/div>\n\t\t\t\t<\/div>\n\t\t\t\t\t\t\t\t<\/div>\n\t\t\t\t<\/div>\n\t\t\t\t<\/div>\n\t\t\t\t\t<\/div>\n\t\t<\/div>\n\t\t\t\t\t<\/div>\n\t\t<\/section>\n\t\t\t\t\t<\/div>\n\t\t<\/div>\n\t\t\t\t\t<\/div>\n\t\t<\/section>\n\t\t\t\t<section data-particle_enable=\"false\" data-particle-mobile-disabled=\"false\" class=\"elementor-section elementor-top-section elementor-element elementor-element-24c1dfc elementor-section-boxed elementor-section-height-default elementor-section-height-default\" data-id=\"24c1dfc\" data-element_type=\"section\">\n\t\t\t\t\t\t<div class=\"elementor-container elementor-column-gap-default\">\n\t\t\t\t\t<div class=\"elementor-column elementor-col-100 elementor-top-column elementor-element elementor-element-3835389\" data-id=\"3835389\" data-element_type=\"column\">\n\t\t\t<div class=\"elementor-widget-wrap elementor-element-populated\">\n\t\t\t\t\t\t<div class=\"elementor-element elementor-element-08dfc62 elementor-widget elementor-widget-html\" data-id=\"08dfc62\" data-element_type=\"widget\" data-widget_type=\"html.default\">\n\t\t\t\t<div class=\"elementor-widget-container\">\n\t\t\t<script> \njQuery(document).ready(function($) { \nvar delay = 100; setTimeout(function() { \n$('.elementor-tab-title').removeClass('elementor-active');\n$('.elementor-tab-content').css('display', 'none'); }, delay);\n\n\n});\n<\/script>\t\t<\/div>\n\t\t\t\t<\/div>\n\t\t\t\t\t<\/div>\n\t\t<\/div>\n\t\t\t\t\t<\/div>\n\t\t<\/section>\n\t\t\t\t<\/div>","protected":false},"excerpt":{"rendered":"<p>\u00bfQuer\u00e9s ser parte de los 100 primeros co-laboradores de El Surti? ? Unite por 100 d\u00edas a la primera fase del programa de membres\u00eda de El Surtidor. ? Conoc\u00e9 de primera mano cu\u00e1les son los beneficios para vos, tu comunidad y la sociedad. ? Al final de la prueba, vas a poder decidir cu\u00e1nto ser\u00e1 [&hellip;]<\/p>\n","protected":false},"author":1,"featured_media":0,"parent":8119,"menu_order":0,"comment_status":"closed","ping_status":"closed","template":"","meta":{"_acf_changed":false,"pmpro_default_level":"","footnotes":""},"categories":[],"tags":[],"fenomeno":[],"tema":[],"legacy_site":[],"class_list":["post-8125","page","type-page","status-publish","hentry","pmpro-has-access"],"acf":[],"_links":{"self":[{"href":"https:\/\/elsurti.com\/pt\/wp-json\/wp\/v2\/pages\/8125","targetHints":{"allow":["GET"]}}],"collection":[{"href":"https:\/\/elsurti.com\/pt\/wp-json\/wp\/v2\/pages"}],"about":[{"href":"https:\/\/elsurti.com\/pt\/wp-json\/wp\/v2\/types\/page"}],"author":[{"embeddable":true,"href":"https:\/\/elsurti.com\/pt\/wp-json\/wp\/v2\/users\/1"}],"replies":[{"embeddable":true,"href":"https:\/\/elsurti.com\/pt\/wp-json\/wp\/v2\/comments?post=8125"}],"version-history":[{"count":38,"href":"https:\/\/elsurti.com\/pt\/wp-json\/wp\/v2\/pages\/8125\/revisions"}],"predecessor-version":[{"id":8216,"href":"https:\/\/elsurti.com\/pt\/wp-json\/wp\/v2\/pages\/8125\/revisions\/8216"}],"up":[{"embeddable":true,"href":"https:\/\/elsurti.com\/pt\/wp-json\/wp\/v2\/pages\/8119"}],"wp:attachment":[{"href":"https:\/\/elsurti.com\/pt\/wp-json\/wp\/v2\/media?parent=8125"}],"wp:term":[{"taxonomy":"category","embeddable":true,"href":"https:\/\/elsurti.com\/pt\/wp-json\/wp\/v2\/categories?post=8125"},{"taxonomy":"post_tag","embeddable":true,"href":"https:\/\/elsurti.com\/pt\/wp-json\/wp\/v2\/tags?post=8125"},{"taxonomy":"fenomeno","embeddable":true,"href":"https:\/\/elsurti.com\/pt\/wp-json\/wp\/v2\/fenomeno?post=8125"},{"taxonomy":"tema","embeddable":true,"href":"https:\/\/elsurti.com\/pt\/wp-json\/wp\/v2\/tema?post=8125"},{"taxonomy":"legacy_site","embeddable":true,"href":"https:\/\/elsurti.com\/pt\/wp-json\/wp\/v2\/legacy_site?post=8125"}],"curies":[{"name":"wp","href":"https:\/\/api.w.org\/{rel}","templated":true}]}}